{"id":3606,"date":"2017-11-17T10:31:03","date_gmt":"2017-11-17T10:31:03","guid":{"rendered":"https:\/\/okofacefitness.fr\/dev\/about\/"},"modified":"2022-12-14T21:57:34","modified_gmt":"2022-12-14T19:57:34","slug":"fondatrice","status":"publish","type":"page","link":"https:\/\/okofacefitness.com\/fr\/fondatrice\/","title":{"rendered":"Fondatrice"},"content":{"rendered":"<div class=\"wpb-content-wrapper\"><p>[vc_row][vc_column css=\u00a0\u00bb.vc_custom_1510578532896{padding-top: 0px !important;}\u00a0\u00bb offset=\u00a0\u00bbvc_col-lg-6 vc_col-md-12&Prime;]<div class=\"qodef-elements-holder   qodef-one-column  qodef-responsive-mode-768 \" ><div class=\"qodef-eh-item    \"  data-item-class=\"qodef-eh-custom-3064\" data-1280-1600=\"160px 156px 0px 187px\" data-1024-1280=\"80px 131px 0px 144px\" data-768-1024=\"80px 135px 92px 128px\" data-680-768=\"80px 87px 72px\" data-680=\"80px 20px 72px 37px\">\n\t\t<div class=\"qodef-eh-item-inner\">\n\t\t<div class=\"qodef-eh-item-content qodef-eh-custom-3064\" style=\"padding: 160px 180px 0px 43%\">\n\t\t\t<div class=\"qodef-svg-separator-holder qodef-svg-separator-small\">\n    <div class=\"qodef-svg-separator qodef-svg-frames-class\" data-svg-frames=\"15\" >\n        <svg version=\"1.1\"   xmlns=\"http:\/\/www.w3.org\/2000\/svg\" xmlns:xlink=\"http:\/\/www.w3.org\/1999\/xlink\" x=\"0px\" y=\"0px\" width=\"56.344px\" height=\"9.438px\" viewBox=\"0 0 56.344 9.438\" enable-background=\"new 0 0 56.344 9.438\" xml:space=\"preserve\">\n            <path fill=\"none\" stroke=\"#000000\" stroke-miterlimit=\"10\" d=\"M0.364,0.375 8.715,8.726 16.716,0.726 24.716,8.726 32.439,1.005 40.16,8.726 48.161,0.726 55.998,8.563 \"\/>\n        <\/svg>\n    <\/div>\n<\/div>[vc_empty_space height=\u00a0\u00bb4px\u00a0\u00bb][vc_column_text el_class=\u00a0\u00bbtextpink\u00a0\u00bb]<\/p>\n<h1>\u201cMes clients gagnent un rajeunissement de 3 \u00e0 10 ans visible dans leur apparence physique.\u201d<\/h1>\n<p>[\/vc_column_text][vc_empty_space height=\u00a0\u00bb26px\u00a0\u00bb]\t\t<\/div>\n\t<\/div>\n<\/div><\/div>[\/vc_column][vc_column css=\u00a0\u00bb.vc_custom_1635253628320{padding-top: 0px !important;padding-bottom: 70px !important;padding-left: 0px !important;}\u00a0\u00bb offset=\u00a0\u00bbvc_col-lg-6 vc_col-md-12&Prime;]<div class=\"qodef-elements-holder   qodef-one-column  qodef-responsive-mode-768 \" style=\"background-color: #fafafa\"><div class=\"qodef-eh-item    \" style=\"background-image: url(https:\/\/okofacefitness.com\/wp-content\/uploads\/2019\/02\/OKO-Face-Fitness-about.jpg)\" data-item-class=\"qodef-eh-custom-7202\" data-1280-1600=\"380px 0px\" data-1024-1280=\"380px 0px\" data-768-1024=\"260px 0px\" data-680-768=\"260px 0px\" data-680=\"260px 0px\">\n\t\t<div class=\"qodef-eh-item-inner\">\n\t\t<div class=\"qodef-eh-item-content qodef-eh-custom-7202\" style=\"padding: 300px 0px !important\">\n\t\t\t\t\t<\/div>\n\t<\/div>\n<\/div><\/div>[\/vc_column][\/vc_row][vc_row row_content_width=\u00a0\u00bbgrid\u00a0\u00bb css=\u00a0\u00bb.vc_custom_1635253484783{margin-top: 50px !important;padding-top: 0px !important;background-position: center !important;background-repeat: no-repeat !important;background-size: contain !important;}\u00a0\u00bb][vc_column css=\u00a0\u00bb.vc_custom_1512651596218{padding-top: 0px !important;background-image: url(https:\/\/okofacefitness.com\/wp-content\/uploads\/2019\/04\/about-img-4.png) !important;background-position: 0 0 !important;background-repeat: no-repeat !important;}\u00a0\u00bb][vc_single_image image=\u00a0\u00bb3609&Prime; img_size=\u00a0\u00bbfull\u00a0\u00bb alignment=\u00a0\u00bbcenter\u00a0\u00bb css=\u00a0\u00bb.vc_custom_1636988652262{margin-top: -140px !important;}\u00a0\u00bb][vc_row_inner css=\u00a0\u00bb.vc_custom_1512651807980{margin-top: -65px !important;padding-top: 0px !important;}\u00a0\u00bb][vc_column_inner offset=\u00a0\u00bbvc_col-lg-offset-6 vc_col-lg-6 vc_col-md-offset-2 vc_col-md-8 vc_col-sm-offset-0&Prime;][vc_empty_space height=\u00a0\u00bb100px\u00a0\u00bb][\/vc_column_inner][\/vc_row_inner][\/vc_column][\/vc_row][vc_row][vc_column width=\u00a0\u00bb1\/6&Prime;][\/vc_column][vc_column width=\u00a0\u00bb2\/3&Prime;]<div class=\"qodef-elements-holder   qodef-one-column  qodef-responsive-mode-768 \" ><div class=\"qodef-eh-item    \"  data-item-class=\"qodef-eh-custom-7948\" data-680-768=\"0 40px 0 40px\" data-680=\"0 40px 0 40px\">\n\t\t<div class=\"qodef-eh-item-inner\">\n\t\t<div class=\"qodef-eh-item-content qodef-eh-custom-7948\" >\n\t\t\t[vc_column_text css=\u00a0\u00bb.vc_custom_1666293812261{margin-top: 30px !important;}\u00a0\u00bb]Je suis passionn\u00e9e par tout ce qui est BEAU &#8211; Paris, la haute couture, le design d\u2019int\u00e9rieur et les femmes magnifiques.[\/vc_column_text][vc_empty_space height=\u00a0\u00bb15px\u00a0\u00bb][vc_column_text css=\u00a0\u00bb.vc_custom_1666293830206{margin-top: 10px !important;margin-bottom: 10px !important;}\u00a0\u00bb]J\u2019ai des connaissances pointues sur le visage, ses diff\u00e9rents muscles et couches de la peau. Je ma\u00eetrise la cr\u00e9ation d\u2019un corps de r\u00eave. Mon travail combine diff\u00e9rentes techniques. Les exercices de face fitness, les automassages, le taping et le drainage lymphatique s\u2019int\u00e8grent dans le travail \u00e9nerg\u00e9tique que j\u2019effectue pour mon client.[\/vc_column_text][vc_empty_space height=\u00a0\u00bb15px\u00a0\u00bb][vc_column_text css=\u00a0\u00bb.vc_custom_1671047817898{margin-top: 10px !important;margin-bottom: 10px !important;}\u00a0\u00bb]Je lis en chaque personne la fr\u00e9quence \u00e9nerg\u00e9tique. Je laisse la magie d\u2019intervenir l\u00e0 o\u00f9 les croyances et le manque de valorisation de soi l\u2019emp\u00eachent d\u2019obtenir un changement physique. Mes clients sont ma\u00eetres de leur apparence et de l\u2019art de prendre soin d\u2019eux. Leur vibration monte simultan\u00e9ment.<\/p>\n<p>Les r\u00e9sultats sont incroyables, <em>out of this world<\/em>.[\/vc_column_text][vc_empty_space height=\u00a0\u00bb15px\u00a0\u00bb][vc_column_text]Les techniques \u00d6KO t\u2019apportent une virtuosit\u00e9. Elles sont simples, rapides et efficaces. Tu fais ton propre lifting 100% naturel avant un rendez-vous, soir\u00e9e, un voyage. Cela te prend 10 minutes top chrono. Le r\u00e9sultat se voit imm\u00e9diatement dans le miroir. Tu deviens la version plus jeune de toi-m\u00eame.<\/p>\n<p>Une sensation de grande lib\u00e9ration te remplit. Tes complexes et peurs disparaissent. Tu te trouves belle. Ta confiance en toi s\u2019envole. Ton visage est d\u00e9tendu et lumineuse. Tu brilles de milles couleurs. Cela te rend s\u00e9duisant pour tout ce que tu veux attirer dans ta vie. Et hyper sexy en bonus.[\/vc_column_text][vc_empty_space height=\u00a0\u00bb62px\u00a0\u00bb]\t\t<\/div>\n\t<\/div>\n<\/div><\/div>[\/vc_column][vc_column width=\u00a0\u00bb1\/6&Prime;][\/vc_column][\/vc_row]<\/p>\n<\/div>","protected":false},"excerpt":{"rendered":"<p> [&hellip;]<\/p>\n","protected":false},"author":1,"featured_media":0,"parent":0,"menu_order":0,"comment_status":"closed","ping_status":"closed","template":"full-width.php","meta":{"_acf_changed":false,"footnotes":""},"class_list":["post-3606","page","type-page","status-publish","hentry"],"acf":[],"yoast_head":"<!-- This site is optimized with the Yoast SEO plugin v27.4 - https:\/\/yoast.com\/product\/yoast-seo-wordpress\/ -->\n<title>Fondatrice - \u00d6KO Face Fitness<\/title>\n<meta name=\"description\" content=\"Centres d\u2019int\u00e9r\u00eats de la fondatrice\u00a0: mode, YIN yoga, bien-\u00eatre, exercices du visage facefitness contre le vieillissement de la peau, rides et visage gonfl\u00e9.\" \/>\n<meta name=\"robots\" content=\"index, follow, max-snippet:-1, max-image-preview:large, max-video-preview:-1\" \/>\n<link rel=\"canonical\" href=\"https:\/\/okofacefitness.com\/creator\/\" \/>\n<meta property=\"og:locale\" content=\"fr_FR\" \/>\n<meta property=\"og:type\" content=\"article\" \/>\n<meta property=\"og:title\" content=\"Fondatrice - \u00d6KO Face Fitness\" \/>\n<meta property=\"og:description\" content=\"Centres d\u2019int\u00e9r\u00eats de la fondatrice\u00a0: mode, YIN yoga, bien-\u00eatre, exercices du visage facefitness contre le vieillissement de la peau, rides et visage gonfl\u00e9.\" \/>\n<meta property=\"og:url\" content=\"https:\/\/okofacefitness.com\/creator\/\" \/>\n<meta property=\"og:site_name\" content=\"\u00d6KO Face Fitness\" \/>\n<meta property=\"article:publisher\" content=\"https:\/\/www.facebook.com\/OKOfacefitness\/\" \/>\n<meta property=\"article:modified_time\" content=\"2022-12-14T19:57:34+00:00\" \/>\n<meta property=\"og:image\" content=\"https:\/\/okofacefitness.com\/wp-content\/uploads\/2024\/03\/OKO-Face-Fitness-fb.jpg\" \/>\n\t<meta property=\"og:image:width\" content=\"512\" \/>\n\t<meta property=\"og:image:height\" content=\"512\" \/>\n\t<meta property=\"og:image:type\" content=\"image\/png\" \/>\n<meta name=\"twitter:card\" content=\"summary_large_image\" \/>\n<meta name=\"twitter:label1\" content=\"Dur\u00e9e de lecture estim\u00e9e\" \/>\n\t<meta name=\"twitter:data1\" content=\"2 minutes\" \/>\n<script type=\"application\/ld+json\" class=\"yoast-schema-graph\">{\"@context\":\"https:\\\/\\\/schema.org\",\"@graph\":[{\"@type\":\"WebPage\",\"@id\":\"https:\\\/\\\/okofacefitness.com\\\/creator\\\/\",\"url\":\"https:\\\/\\\/okofacefitness.com\\\/creator\\\/\",\"name\":\"Fondatrice - \u00d6KO Face Fitness\",\"isPartOf\":{\"@id\":\"https:\\\/\\\/okofacefitness.com\\\/#website\"},\"datePublished\":\"2017-11-17T10:31:03+00:00\",\"dateModified\":\"2022-12-14T19:57:34+00:00\",\"description\":\"Centres d\u2019int\u00e9r\u00eats de la fondatrice\u00a0: mode, YIN yoga, bien-\u00eatre, exercices du visage facefitness contre le vieillissement de la peau, rides et visage gonfl\u00e9.\",\"breadcrumb\":{\"@id\":\"https:\\\/\\\/okofacefitness.com\\\/creator\\\/#breadcrumb\"},\"inLanguage\":\"fr-FR\",\"potentialAction\":[{\"@type\":\"ReadAction\",\"target\":[\"https:\\\/\\\/okofacefitness.com\\\/creator\\\/\"]}]},{\"@type\":\"BreadcrumbList\",\"@id\":\"https:\\\/\\\/okofacefitness.com\\\/creator\\\/#breadcrumb\",\"itemListElement\":[{\"@type\":\"ListItem\",\"position\":1,\"name\":\"Home\",\"item\":\"https:\\\/\\\/okofacefitness.com\\\/fr\\\/\"},{\"@type\":\"ListItem\",\"position\":2,\"name\":\"Fondatrice\"}]},{\"@type\":\"WebSite\",\"@id\":\"https:\\\/\\\/okofacefitness.com\\\/#website\",\"url\":\"https:\\\/\\\/okofacefitness.com\\\/\",\"name\":\"\u00d6KO Face Fitness\",\"description\":\"Devenez le SCULPTEUR de votre VISAGE !\",\"publisher\":{\"@id\":\"https:\\\/\\\/okofacefitness.com\\\/#organization\"},\"potentialAction\":[{\"@type\":\"SearchAction\",\"target\":{\"@type\":\"EntryPoint\",\"urlTemplate\":\"https:\\\/\\\/okofacefitness.com\\\/?s={search_term_string}\"},\"query-input\":{\"@type\":\"PropertyValueSpecification\",\"valueRequired\":true,\"valueName\":\"search_term_string\"}}],\"inLanguage\":\"fr-FR\"},{\"@type\":\"Organization\",\"@id\":\"https:\\\/\\\/okofacefitness.com\\\/#organization\",\"name\":\"\u00d6KO Face Fitness\",\"url\":\"https:\\\/\\\/okofacefitness.com\\\/\",\"logo\":{\"@type\":\"ImageObject\",\"inLanguage\":\"fr-FR\",\"@id\":\"https:\\\/\\\/okofacefitness.com\\\/#\\\/schema\\\/logo\\\/image\\\/\",\"url\":\"https:\\\/\\\/okofacefitness.com\\\/wp-content\\\/uploads\\\/2024\\\/03\\\/OKO-Face-Fitness-fb.jpg\",\"contentUrl\":\"https:\\\/\\\/okofacefitness.com\\\/wp-content\\\/uploads\\\/2024\\\/03\\\/OKO-Face-Fitness-fb.jpg\",\"width\":1617,\"height\":696,\"caption\":\"\u00d6KO Face Fitness\"},\"image\":{\"@id\":\"https:\\\/\\\/okofacefitness.com\\\/#\\\/schema\\\/logo\\\/image\\\/\"},\"sameAs\":[\"https:\\\/\\\/www.facebook.com\\\/OKOfacefitness\\\/\",\"https:\\\/\\\/www.instagram.com\\\/oko_facefitness\\\/\",\"https:\\\/\\\/www.youtube.com\\\/channel\\\/UCU2vfdJhN_im8ep0dXnya7Q\"]}]}<\/script>\n<!-- \/ Yoast SEO plugin. -->","yoast_head_json":{"title":"Fondatrice - \u00d6KO Face Fitness","description":"Centres d\u2019int\u00e9r\u00eats de la fondatrice\u00a0: mode, YIN yoga, bien-\u00eatre, exercices du visage facefitness contre le vieillissement de la peau, rides et visage gonfl\u00e9.","robots":{"index":"index","follow":"follow","max-snippet":"max-snippet:-1","max-image-preview":"max-image-preview:large","max-video-preview":"max-video-preview:-1"},"canonical":"https:\/\/okofacefitness.com\/creator\/","og_locale":"fr_FR","og_type":"article","og_title":"Fondatrice - \u00d6KO Face Fitness","og_description":"Centres d\u2019int\u00e9r\u00eats de la fondatrice\u00a0: mode, YIN yoga, bien-\u00eatre, exercices du visage facefitness contre le vieillissement de la peau, rides et visage gonfl\u00e9.","og_url":"https:\/\/okofacefitness.com\/creator\/","og_site_name":"\u00d6KO Face Fitness","article_publisher":"https:\/\/www.facebook.com\/OKOfacefitness\/","article_modified_time":"2022-12-14T19:57:34+00:00","og_image":[{"width":512,"height":512,"url":"https:\/\/okofacefitness.com\/wp-content\/uploads\/2024\/03\/OKO-Face-Fitness-fb.jpg","type":"image\/png"}],"twitter_card":"summary_large_image","twitter_misc":{"Dur\u00e9e de lecture estim\u00e9e":"2 minutes"},"schema":{"@context":"https:\/\/schema.org","@graph":[{"@type":"WebPage","@id":"https:\/\/okofacefitness.com\/creator\/","url":"https:\/\/okofacefitness.com\/creator\/","name":"Fondatrice - \u00d6KO Face Fitness","isPartOf":{"@id":"https:\/\/okofacefitness.com\/#website"},"datePublished":"2017-11-17T10:31:03+00:00","dateModified":"2022-12-14T19:57:34+00:00","description":"Centres d\u2019int\u00e9r\u00eats de la fondatrice\u00a0: mode, YIN yoga, bien-\u00eatre, exercices du visage facefitness contre le vieillissement de la peau, rides et visage gonfl\u00e9.","breadcrumb":{"@id":"https:\/\/okofacefitness.com\/creator\/#breadcrumb"},"inLanguage":"fr-FR","potentialAction":[{"@type":"ReadAction","target":["https:\/\/okofacefitness.com\/creator\/"]}]},{"@type":"BreadcrumbList","@id":"https:\/\/okofacefitness.com\/creator\/#breadcrumb","itemListElement":[{"@type":"ListItem","position":1,"name":"Home","item":"https:\/\/okofacefitness.com\/fr\/"},{"@type":"ListItem","position":2,"name":"Fondatrice"}]},{"@type":"WebSite","@id":"https:\/\/okofacefitness.com\/#website","url":"https:\/\/okofacefitness.com\/","name":"\u00d6KO Face Fitness","description":"Devenez le SCULPTEUR de votre VISAGE !","publisher":{"@id":"https:\/\/okofacefitness.com\/#organization"},"potentialAction":[{"@type":"SearchAction","target":{"@type":"EntryPoint","urlTemplate":"https:\/\/okofacefitness.com\/?s={search_term_string}"},"query-input":{"@type":"PropertyValueSpecification","valueRequired":true,"valueName":"search_term_string"}}],"inLanguage":"fr-FR"},{"@type":"Organization","@id":"https:\/\/okofacefitness.com\/#organization","name":"\u00d6KO Face Fitness","url":"https:\/\/okofacefitness.com\/","logo":{"@type":"ImageObject","inLanguage":"fr-FR","@id":"https:\/\/okofacefitness.com\/#\/schema\/logo\/image\/","url":"https:\/\/okofacefitness.com\/wp-content\/uploads\/2024\/03\/OKO-Face-Fitness-fb.jpg","contentUrl":"https:\/\/okofacefitness.com\/wp-content\/uploads\/2024\/03\/OKO-Face-Fitness-fb.jpg","width":1617,"height":696,"caption":"\u00d6KO Face Fitness"},"image":{"@id":"https:\/\/okofacefitness.com\/#\/schema\/logo\/image\/"},"sameAs":["https:\/\/www.facebook.com\/OKOfacefitness\/","https:\/\/www.instagram.com\/oko_facefitness\/","https:\/\/www.youtube.com\/channel\/UCU2vfdJhN_im8ep0dXnya7Q"]}]}},"_links":{"self":[{"href":"https:\/\/okofacefitness.com\/fr\/wp-json\/wp\/v2\/pages\/3606","targetHints":{"allow":["GET"]}}],"collection":[{"href":"https:\/\/okofacefitness.com\/fr\/wp-json\/wp\/v2\/pages"}],"about":[{"href":"https:\/\/okofacefitness.com\/fr\/wp-json\/wp\/v2\/types\/page"}],"author":[{"embeddable":true,"href":"https:\/\/okofacefitness.com\/fr\/wp-json\/wp\/v2\/users\/1"}],"replies":[{"embeddable":true,"href":"https:\/\/okofacefitness.com\/fr\/wp-json\/wp\/v2\/comments?post=3606"}],"version-history":[{"count":31,"href":"https:\/\/okofacefitness.com\/fr\/wp-json\/wp\/v2\/pages\/3606\/revisions"}],"predecessor-version":[{"id":5202,"href":"https:\/\/okofacefitness.com\/fr\/wp-json\/wp\/v2\/pages\/3606\/revisions\/5202"}],"wp:attachment":[{"href":"https:\/\/okofacefitness.com\/fr\/wp-json\/wp\/v2\/media?parent=3606"}],"curies":[{"name":"wp","href":"https:\/\/api.w.org\/{rel}","templated":true}]}}