{"id":3612,"date":"2019-02-12T20:47:26","date_gmt":"2019-02-12T20:47:26","guid":{"rendered":"https:\/\/okofacefitness.fr\/dev\/face-fitness\/"},"modified":"2024-06-05T20:21:47","modified_gmt":"2024-06-05T17:21:47","slug":"face-gym","status":"publish","type":"page","link":"https:\/\/okofacefitness.com\/fr\/face-gym\/","title":{"rendered":"Face Gym"},"content":{"rendered":"<div class=\"wpb-content-wrapper\"><p>[vc_row equal_height=\u00a0\u00bbyes\u00a0\u00bb content_placement=\u00a0\u00bbmiddle\u00a0\u00bb][vc_column css=\u00a0\u00bb.vc_custom_1510578448669{padding-top: 0px !important;padding-right: 0px !important;}\u00a0\u00bb offset=\u00a0\u00bbvc_col-lg-6 vc_col-md-12&Prime;]<div class=\"qodef-elements-holder   qodef-one-column  qodef-responsive-mode-768 \" style=\"background-color: #fafafa\"><div class=\"qodef-eh-item   qodef-horizontal-alignment-center \" style=\"background-image: url(https:\/\/okofacefitness.com\/wp-content\/uploads\/2019\/02\/OKO-face-fitness-training.jpg)\" data-item-class=\"qodef-eh-custom-6105\" data-1280-1600=\"294px 0px\" data-1024-1280=\"299px 0px\" data-768-1024=\"260px 0px\" data-680-768=\"260px 0px\" data-680=\"260px 0px\">\n\t\t<div class=\"qodef-eh-item-inner\">\n\t\t<div class=\"qodef-eh-item-content qodef-eh-custom-6105\" style=\"padding: 294px 0px\">\n\t\t\t\t\t<\/div>\n\t<\/div>\n<\/div><\/div>[\/vc_column][vc_column css=\u00a0\u00bb.vc_custom_1510914925522{padding-top: 0px !important;padding-left: 0px !important;}\u00a0\u00bb offset=\u00a0\u00bbvc_col-lg-6 vc_col-md-12&Prime;]<div class=\"qodef-elements-holder   qodef-one-column  qodef-responsive-mode-768 \" ><div class=\"qodef-eh-item    \"  data-item-class=\"qodef-eh-custom-7874\" data-1280-1600=\"0px 165px 36px\" data-1024-1280=\"0px 123px 36px\" data-768-1024=\"94px 144px 87px\" data-680-768=\"74px 82px 67px 100px\" data-680=\"74px 20px 67px 55px\">\n\t\t<div class=\"qodef-eh-item-inner\">\n\t\t<div class=\"qodef-eh-item-content qodef-eh-custom-7874\" style=\"padding: 50px 70px 24px 70px !important\">\n\t\t\t[vc_empty_space height=\u00a0\u00bb4px\u00a0\u00bb][vc_column_text]<\/p>\n<h2>Face Gym<\/h2>\n<p>[\/vc_column_text][vc_empty_space height=\u00a0\u00bb4px\u00a0\u00bb][vc_column_text css=\u00a0\u00bb.vc_custom_1671048052874{padding-right: 7% !important;}\u00a0\u00bb]Le meilleur r\u00e9sultat arrive en combinant des diff\u00e9rentes techniques pour le visage et le corps. Il y a une synergie insolite qui se cr\u00e9e.<\/p>\n<p>Je te montre que tout est possible, m\u00eame l\u00e0 o\u00f9 tu n\u2019as pas de confiance. Ta vision \u00e9largit \u00e0 chaque pratique.<\/p>\n<p>Tu ressens sur ton propre visage comment tes \u00e9motions au quotidien le marquent. Tu apprends \u00e0 effacer ces effets.<\/p>\n<p>En 10 minutes d\u2019exercices par jour tu travailles toutes les zones du visage &#8211; l\u2019ovale, les joues, le contour des yeux et le front.<\/p>\n<p>Le Face Fitness remuscle les zones qui soutiennent la graisse du visage comme les pommettes et les paupi\u00e8res et leur redonne du volume.<\/p>\n<p>Cette m\u00e9thode comprend \u00e9galement des exercices pour rel\u00e2cher les muscles trop sollicit\u00e9s et lisser les rides et ridules.<\/p>\n<p>Chaque cellule, muscle et tissu reprend sa forme et position initiale, comme ils \u00e9taient quand tu \u00e9tais plus jeune. La magie est r\u00e9elle.[\/vc_column_text][vc_empty_space height=\u00a0\u00bb26px\u00a0\u00bb]\t\t<\/div>\n\t<\/div>\n<\/div><\/div>[\/vc_column][\/vc_row]<\/p>\n<\/div>","protected":false},"excerpt":{"rendered":"<p> [&hellip;]<\/p>\n","protected":false},"author":1,"featured_media":0,"parent":0,"menu_order":0,"comment_status":"closed","ping_status":"closed","template":"full-width.php","meta":{"_acf_changed":false,"footnotes":""},"class_list":["post-3612","page","type-page","status-publish","hentry"],"acf":[],"yoast_head":"<!-- This site is optimized with the Yoast SEO plugin v27.4 - https:\/\/yoast.com\/product\/yoast-seo-wordpress\/ -->\n<title>Face Gym - \u00d6KO Face Fitness<\/title>\n<meta name=\"description\" content=\"Vous apprenez une routine d\u2019exercices de visage pour diff\u00e9rentes zones\u00a0:le cou, la bouche, les l\u00e8vres, les joues, les yeux et le front et la bonneposture.\" \/>\n<meta name=\"robots\" content=\"index, follow, max-snippet:-1, max-image-preview:large, max-video-preview:-1\" \/>\n<link rel=\"canonical\" href=\"https:\/\/okofacefitness.com\/face-gym\/\" \/>\n<meta property=\"og:locale\" content=\"fr_FR\" \/>\n<meta property=\"og:type\" content=\"article\" \/>\n<meta property=\"og:title\" content=\"Face Gym - \u00d6KO Face Fitness\" \/>\n<meta property=\"og:description\" content=\"Vous apprenez une routine d\u2019exercices de visage pour diff\u00e9rentes zones\u00a0:le cou, la bouche, les l\u00e8vres, les joues, les yeux et le front et la bonneposture.\" \/>\n<meta property=\"og:url\" content=\"https:\/\/okofacefitness.com\/face-gym\/\" \/>\n<meta property=\"og:site_name\" content=\"\u00d6KO Face Fitness\" \/>\n<meta property=\"article:publisher\" content=\"https:\/\/www.facebook.com\/OKOfacefitness\/\" \/>\n<meta property=\"article:modified_time\" content=\"2024-06-05T17:21:47+00:00\" \/>\n<meta property=\"og:image\" content=\"https:\/\/okofacefitness.com\/wp-content\/uploads\/2024\/03\/OKO-Face-Fitness-fb.jpg\" \/>\n\t<meta property=\"og:image:width\" content=\"512\" \/>\n\t<meta property=\"og:image:height\" content=\"512\" \/>\n\t<meta property=\"og:image:type\" content=\"image\/png\" \/>\n<meta name=\"twitter:card\" content=\"summary_large_image\" \/>\n<meta name=\"twitter:label1\" content=\"Dur\u00e9e de lecture estim\u00e9e\" \/>\n\t<meta name=\"twitter:data1\" content=\"1 minute\" \/>\n<script type=\"application\/ld+json\" class=\"yoast-schema-graph\">{\"@context\":\"https:\\\/\\\/schema.org\",\"@graph\":[{\"@type\":\"WebPage\",\"@id\":\"https:\\\/\\\/okofacefitness.com\\\/face-gym\\\/\",\"url\":\"https:\\\/\\\/okofacefitness.com\\\/face-gym\\\/\",\"name\":\"Face Gym - \u00d6KO Face Fitness\",\"isPartOf\":{\"@id\":\"https:\\\/\\\/okofacefitness.com\\\/#website\"},\"datePublished\":\"2019-02-12T20:47:26+00:00\",\"dateModified\":\"2024-06-05T17:21:47+00:00\",\"description\":\"Vous apprenez une routine d\u2019exercices de visage pour diff\u00e9rentes zones\u00a0:le cou, la bouche, les l\u00e8vres, les joues, les yeux et le front et la bonneposture.\",\"breadcrumb\":{\"@id\":\"https:\\\/\\\/okofacefitness.com\\\/face-gym\\\/#breadcrumb\"},\"inLanguage\":\"fr-FR\",\"potentialAction\":[{\"@type\":\"ReadAction\",\"target\":[\"https:\\\/\\\/okofacefitness.com\\\/face-gym\\\/\"]}]},{\"@type\":\"BreadcrumbList\",\"@id\":\"https:\\\/\\\/okofacefitness.com\\\/face-gym\\\/#breadcrumb\",\"itemListElement\":[{\"@type\":\"ListItem\",\"position\":1,\"name\":\"Home\",\"item\":\"https:\\\/\\\/okofacefitness.com\\\/fr\\\/\"},{\"@type\":\"ListItem\",\"position\":2,\"name\":\"Face Gym\"}]},{\"@type\":\"WebSite\",\"@id\":\"https:\\\/\\\/okofacefitness.com\\\/#website\",\"url\":\"https:\\\/\\\/okofacefitness.com\\\/\",\"name\":\"\u00d6KO Face Fitness\",\"description\":\"Devenez le SCULPTEUR de votre VISAGE !\",\"publisher\":{\"@id\":\"https:\\\/\\\/okofacefitness.com\\\/#organization\"},\"potentialAction\":[{\"@type\":\"SearchAction\",\"target\":{\"@type\":\"EntryPoint\",\"urlTemplate\":\"https:\\\/\\\/okofacefitness.com\\\/?s={search_term_string}\"},\"query-input\":{\"@type\":\"PropertyValueSpecification\",\"valueRequired\":true,\"valueName\":\"search_term_string\"}}],\"inLanguage\":\"fr-FR\"},{\"@type\":\"Organization\",\"@id\":\"https:\\\/\\\/okofacefitness.com\\\/#organization\",\"name\":\"\u00d6KO Face Fitness\",\"url\":\"https:\\\/\\\/okofacefitness.com\\\/\",\"logo\":{\"@type\":\"ImageObject\",\"inLanguage\":\"fr-FR\",\"@id\":\"https:\\\/\\\/okofacefitness.com\\\/#\\\/schema\\\/logo\\\/image\\\/\",\"url\":\"https:\\\/\\\/okofacefitness.com\\\/wp-content\\\/uploads\\\/2024\\\/03\\\/OKO-Face-Fitness-fb.jpg\",\"contentUrl\":\"https:\\\/\\\/okofacefitness.com\\\/wp-content\\\/uploads\\\/2024\\\/03\\\/OKO-Face-Fitness-fb.jpg\",\"width\":1617,\"height\":696,\"caption\":\"\u00d6KO Face Fitness\"},\"image\":{\"@id\":\"https:\\\/\\\/okofacefitness.com\\\/#\\\/schema\\\/logo\\\/image\\\/\"},\"sameAs\":[\"https:\\\/\\\/www.facebook.com\\\/OKOfacefitness\\\/\",\"https:\\\/\\\/www.instagram.com\\\/oko_facefitness\\\/\",\"https:\\\/\\\/www.youtube.com\\\/channel\\\/UCU2vfdJhN_im8ep0dXnya7Q\"]}]}<\/script>\n<!-- \/ Yoast SEO plugin. -->","yoast_head_json":{"title":"Face Gym - \u00d6KO Face Fitness","description":"Vous apprenez une routine d\u2019exercices de visage pour diff\u00e9rentes zones\u00a0:le cou, la bouche, les l\u00e8vres, les joues, les yeux et le front et la bonneposture.","robots":{"index":"index","follow":"follow","max-snippet":"max-snippet:-1","max-image-preview":"max-image-preview:large","max-video-preview":"max-video-preview:-1"},"canonical":"https:\/\/okofacefitness.com\/face-gym\/","og_locale":"fr_FR","og_type":"article","og_title":"Face Gym - \u00d6KO Face Fitness","og_description":"Vous apprenez une routine d\u2019exercices de visage pour diff\u00e9rentes zones\u00a0:le cou, la bouche, les l\u00e8vres, les joues, les yeux et le front et la bonneposture.","og_url":"https:\/\/okofacefitness.com\/face-gym\/","og_site_name":"\u00d6KO Face Fitness","article_publisher":"https:\/\/www.facebook.com\/OKOfacefitness\/","article_modified_time":"2024-06-05T17:21:47+00:00","og_image":[{"width":512,"height":512,"url":"https:\/\/okofacefitness.com\/wp-content\/uploads\/2024\/03\/OKO-Face-Fitness-fb.jpg","type":"image\/png"}],"twitter_card":"summary_large_image","twitter_misc":{"Dur\u00e9e de lecture estim\u00e9e":"1 minute"},"schema":{"@context":"https:\/\/schema.org","@graph":[{"@type":"WebPage","@id":"https:\/\/okofacefitness.com\/face-gym\/","url":"https:\/\/okofacefitness.com\/face-gym\/","name":"Face Gym - \u00d6KO Face Fitness","isPartOf":{"@id":"https:\/\/okofacefitness.com\/#website"},"datePublished":"2019-02-12T20:47:26+00:00","dateModified":"2024-06-05T17:21:47+00:00","description":"Vous apprenez une routine d\u2019exercices de visage pour diff\u00e9rentes zones\u00a0:le cou, la bouche, les l\u00e8vres, les joues, les yeux et le front et la bonneposture.","breadcrumb":{"@id":"https:\/\/okofacefitness.com\/face-gym\/#breadcrumb"},"inLanguage":"fr-FR","potentialAction":[{"@type":"ReadAction","target":["https:\/\/okofacefitness.com\/face-gym\/"]}]},{"@type":"BreadcrumbList","@id":"https:\/\/okofacefitness.com\/face-gym\/#breadcrumb","itemListElement":[{"@type":"ListItem","position":1,"name":"Home","item":"https:\/\/okofacefitness.com\/fr\/"},{"@type":"ListItem","position":2,"name":"Face Gym"}]},{"@type":"WebSite","@id":"https:\/\/okofacefitness.com\/#website","url":"https:\/\/okofacefitness.com\/","name":"\u00d6KO Face Fitness","description":"Devenez le SCULPTEUR de votre VISAGE !","publisher":{"@id":"https:\/\/okofacefitness.com\/#organization"},"potentialAction":[{"@type":"SearchAction","target":{"@type":"EntryPoint","urlTemplate":"https:\/\/okofacefitness.com\/?s={search_term_string}"},"query-input":{"@type":"PropertyValueSpecification","valueRequired":true,"valueName":"search_term_string"}}],"inLanguage":"fr-FR"},{"@type":"Organization","@id":"https:\/\/okofacefitness.com\/#organization","name":"\u00d6KO Face Fitness","url":"https:\/\/okofacefitness.com\/","logo":{"@type":"ImageObject","inLanguage":"fr-FR","@id":"https:\/\/okofacefitness.com\/#\/schema\/logo\/image\/","url":"https:\/\/okofacefitness.com\/wp-content\/uploads\/2024\/03\/OKO-Face-Fitness-fb.jpg","contentUrl":"https:\/\/okofacefitness.com\/wp-content\/uploads\/2024\/03\/OKO-Face-Fitness-fb.jpg","width":1617,"height":696,"caption":"\u00d6KO Face Fitness"},"image":{"@id":"https:\/\/okofacefitness.com\/#\/schema\/logo\/image\/"},"sameAs":["https:\/\/www.facebook.com\/OKOfacefitness\/","https:\/\/www.instagram.com\/oko_facefitness\/","https:\/\/www.youtube.com\/channel\/UCU2vfdJhN_im8ep0dXnya7Q"]}]}},"_links":{"self":[{"href":"https:\/\/okofacefitness.com\/fr\/wp-json\/wp\/v2\/pages\/3612","targetHints":{"allow":["GET"]}}],"collection":[{"href":"https:\/\/okofacefitness.com\/fr\/wp-json\/wp\/v2\/pages"}],"about":[{"href":"https:\/\/okofacefitness.com\/fr\/wp-json\/wp\/v2\/types\/page"}],"author":[{"embeddable":true,"href":"https:\/\/okofacefitness.com\/fr\/wp-json\/wp\/v2\/users\/1"}],"replies":[{"embeddable":true,"href":"https:\/\/okofacefitness.com\/fr\/wp-json\/wp\/v2\/comments?post=3612"}],"version-history":[{"count":73,"href":"https:\/\/okofacefitness.com\/fr\/wp-json\/wp\/v2\/pages\/3612\/revisions"}],"predecessor-version":[{"id":6728,"href":"https:\/\/okofacefitness.com\/fr\/wp-json\/wp\/v2\/pages\/3612\/revisions\/6728"}],"wp:attachment":[{"href":"https:\/\/okofacefitness.com\/fr\/wp-json\/wp\/v2\/media?parent=3612"}],"curies":[{"name":"wp","href":"https:\/\/api.w.org\/{rel}","templated":true}]}}