{"id":3637,"date":"2019-02-19T20:23:00","date_gmt":"2019-02-19T18:23:00","guid":{"rendered":"https:\/\/okofacefitness.fr\/dev\/contact\/"},"modified":"2026-04-14T01:49:00","modified_gmt":"2026-04-13T22:49:00","slug":"contact","status":"publish","type":"page","link":"https:\/\/okofacefitness.com\/fr\/contact\/","title":{"rendered":"Contact"},"content":{"rendered":"<div class=\"wpb-content-wrapper\"><p>[vc_row equal_height=\u00a0\u00bbyes\u00a0\u00bb content_placement=\u00a0\u00bbmiddle\u00a0\u00bb][vc_column css=\u00a0\u00bb.vc_custom_1657735907495{padding-top: 30px !important;padding-right: 30px !important;padding-bottom: 30px !important;padding-left: 30px !important;background-color: #f7eede !important;}\u00a0\u00bb offset=\u00a0\u00bbvc_col-lg-6 vc_col-md-6&Prime;]<div class=\"qodef-elements-holder   qodef-one-column  qodef-responsive-mode-768 \" ><div class=\"qodef-eh-item    \" style=\"background-color: #f4f4f4\" data-item-class=\"qodef-eh-custom-7846\" data-1280-1600=\"0px\" data-1024-1280=\"0px\" data-768-1024=\"0px\" data-680-768=\"0px\" data-680=\"0px\">\n\t\t<div class=\"qodef-eh-item-inner\">\n\t\t<div class=\"qodef-eh-item-content qodef-eh-custom-7846\" style=\"padding: 50px\">\n\t\t\t[vc_gmaps link=\u00a0\u00bb#E-8_JTNDaWZyYW1lJTIwc3JjJTNEJTIyaHR0cHMlM0ElMkYlMkZ3d3cuZ29vZ2xlLmNvbSUyRm1hcHMlMkZlbWJlZCUzRnBiJTNEJTIxMW0xNyUyMTFtMTIlMjExbTMlMjExZDUyNDcuOTk0NDI4NjA0NjclMjEyZDIuMjk3MDU5Njk0ODA2MTQ3MiUyMTNkNDguODc3MzI5NjUwOTA2OTQlMjEybTMlMjExZjAlMjEyZjAlMjEzZjAlMjEzbTIlMjExaTEwMjQlMjEyaTc2OCUyMTRmMTMuMSUyMTNtMiUyMTFtMSUyMTJ6TkRqQ3NEVXlKelV5TGpJaVRpQXl3ckF4TnljMU9TNDNJa1UlMjE1ZTAlMjEzbTIlMjExc2VuJTIxMnNlZSUyMTR2MTc3NjEyMDUwMjkzOSUyMTVtMiUyMTFzZW4lMjEyc2VlJTIyJTIwd2lkdGglM0QlMjI2MDAlMjIlMjBoZWlnaHQlM0QlMjI0NTAlMjIlMjBzdHlsZSUzRCUyMmJvcmRlciUzQTAlM0IlMjIlMjBhbGxvd2Z1bGxzY3JlZW4lM0QlMjIlMjIlMjBsb2FkaW5nJTNEJTIybGF6eSUyMiUyMHJlZmVycmVycG9saWN5JTNEJTIybm8tcmVmZXJyZXItd2hlbi1kb3duZ3JhZGUlMjIlM0UlM0MlMkZpZnJhbWUlM0U=\u00a0\u00bb css=\u00a0\u00bb\u00a0\u00bb]\t\t<\/div>\n\t<\/div>\n<\/div><\/div>[\/vc_column][vc_column css=\u00a0\u00bb.vc_custom_1550600684983{padding-top: 60px !important;padding-bottom: 60px !important;padding-left: 0px !important;}\u00a0\u00bb offset=\u00a0\u00bbvc_col-lg-6 vc_col-md-6&Prime;]<div class=\"qodef-elements-holder   qodef-one-column  qodef-responsive-mode-768 \" ><div class=\"qodef-eh-item    \"  data-item-class=\"qodef-eh-custom-4206\" data-1280-1600=\"0px 160px 66px 100px\" data-1024-1280=\"0px 100px 66px\" data-768-1024=\"0px 60px 66px\" data-680-768=\"75px 229px 80px 100px\" data-680=\"72px 23px 80px 38px\">\n\t\t<div class=\"qodef-eh-item-inner\">\n\t\t<div class=\"qodef-eh-item-content qodef-eh-custom-4206\" style=\"padding: 0px 300px 66px 180px\">\n\t\t\t<div class=\"qodef-svg-separator-holder qodef-svg-separator-small\">\n    <div class=\"qodef-svg-separator qodef-svg-frames-class\" data-svg-frames=\"15\" >\n        <svg version=\"1.1\"   xmlns=\"http:\/\/www.w3.org\/2000\/svg\" xmlns:xlink=\"http:\/\/www.w3.org\/1999\/xlink\" x=\"0px\" y=\"0px\" width=\"56.344px\" height=\"9.438px\" viewBox=\"0 0 56.344 9.438\" enable-background=\"new 0 0 56.344 9.438\" xml:space=\"preserve\">\n            <path fill=\"none\" stroke=\"#000000\" stroke-miterlimit=\"10\" d=\"M0.364,0.375 8.715,8.726 16.716,0.726 24.716,8.726 32.439,1.005 40.16,8.726 48.161,0.726 55.998,8.563 \"\/>\n        <\/svg>\n    <\/div>\n<\/div>[vc_empty_space height=\u00a0\u00bb5px\u00a0\u00bb][vc_column_text]<\/p>\n<h2>Envoyez-nous un message<\/h2>\n<p>[\/vc_column_text][vc_empty_space height=\u00a0\u00bb37px\u00a0\u00bb]\n<div class=\"wpcf7 no-js\" id=\"wpcf7-f3717-o1\" lang=\"en-US\" dir=\"ltr\" data-wpcf7-id=\"3717\">\n<div class=\"screen-reader-response\"><p role=\"status\" aria-live=\"polite\" aria-atomic=\"true\"><\/p> <ul><\/ul><\/div>\n<form action=\"\/fr\/wp-json\/wp\/v2\/pages\/3637#wpcf7-f3717-o1\" method=\"post\" class=\"wpcf7-form init cf7_custom_style_2\" aria-label=\"Contact form\" novalidate=\"novalidate\" data-status=\"init\">\n<fieldset class=\"hidden-fields-container\"><input type=\"hidden\" name=\"_wpcf7\" value=\"3717\" \/><input type=\"hidden\" name=\"_wpcf7_version\" value=\"6.1.5\" \/><input type=\"hidden\" name=\"_wpcf7_locale\" value=\"en_US\" \/><input type=\"hidden\" name=\"_wpcf7_unit_tag\" value=\"wpcf7-f3717-o1\" \/><input type=\"hidden\" name=\"_wpcf7_container_post\" value=\"0\" \/><input type=\"hidden\" name=\"_wpcf7_posted_data_hash\" value=\"\" \/><input type=\"hidden\" name=\"_wpcf7_recaptcha_response\" value=\"\" \/>\n<\/fieldset>\n<p><span class=\"wpcf7-form-control-wrap\" data-name=\"your-name\"><input size=\"40\" maxlength=\"400\" class=\"wpcf7-form-control wpcf7-text wpcf7-validates-as-required\" aria-required=\"true\" aria-invalid=\"false\" placeholder=\"Nom *\" value=\"\" type=\"text\" name=\"your-name\" \/><\/span>\n<\/p>\n<p><span class=\"wpcf7-form-control-wrap\" data-name=\"your-tel\"><input class=\"wpcf7-form-control wpcf7-number wpcf7-validates-as-number\" aria-invalid=\"false\" placeholder=\"T\u00e9l\u00e9phone\" value=\"\" type=\"number\" name=\"your-tel\" \/><\/span>\n<\/p>\n<p><span class=\"wpcf7-form-control-wrap\" data-name=\"your-email\"><input size=\"40\" maxlength=\"400\" class=\"wpcf7-form-control wpcf7-email wpcf7-validates-as-required wpcf7-text wpcf7-validates-as-email\" aria-required=\"true\" aria-invalid=\"false\" placeholder=\"E-mail *\" value=\"\" type=\"email\" name=\"your-email\" \/><\/span>\n<\/p>\n<p><span class=\"wpcf7-form-control-wrap\" data-name=\"your-message\"><textarea cols=\"40\" rows=\"10\" maxlength=\"2000\" class=\"wpcf7-form-control wpcf7-textarea wpcf7-validates-as-required\" aria-required=\"true\" aria-invalid=\"false\" placeholder=\"Message *\" name=\"your-message\"><\/textarea><\/span>\n<\/p>\n<p><input class=\"wpcf7-form-control wpcf7-submit has-spinner\" type=\"submit\" value=\"Envoyer\" \/>\n<\/p><div class=\"wpcf7-response-output\" aria-hidden=\"true\"><\/div>\n<\/form>\n<\/div>\n[vc_empty_space][vc_column_text css=\u00a0\u00bb\u00a0\u00bb]<span style=\"text-decoration: underline;\"><a href=\"https:\/\/okofacefitness.com\/fr\/mentions-legales\/\">Mentions l\u00e9gales<\/a><\/span>[\/vc_column_text]\t\t<\/div>\n\t<\/div>\n<\/div><\/div>[\/vc_column][\/vc_row]<\/p>\n<\/div>","protected":false},"excerpt":{"rendered":"<p> [&hellip;]<\/p>\n","protected":false},"author":1,"featured_media":0,"parent":0,"menu_order":0,"comment_status":"closed","ping_status":"closed","template":"full-width.php","meta":{"_acf_changed":false,"footnotes":""},"class_list":["post-3637","page","type-page","status-publish","hentry"],"acf":[],"yoast_head":"<!-- This site is optimized with the Yoast SEO plugin v27.4 - https:\/\/yoast.com\/product\/yoast-seo-wordpress\/ -->\n<title>Contact - \u00d6KO Face Fitness<\/title>\n<meta name=\"description\" content=\"Contactez-nous par e-mail ou par t\u00e9l\u00e9phone pour la r\u00e9servation des places pour nos prochaines s\u00e9ances. Information des dates. Disponibilit\u00e9s et Prix.\" \/>\n<meta name=\"robots\" content=\"index, follow, max-snippet:-1, max-image-preview:large, max-video-preview:-1\" \/>\n<link rel=\"canonical\" href=\"https:\/\/okofacefitness.com\/fr\/contact\/\" \/>\n<meta property=\"og:locale\" content=\"fr_FR\" \/>\n<meta property=\"og:type\" content=\"article\" \/>\n<meta property=\"og:title\" content=\"Contact - \u00d6KO Face Fitness\" \/>\n<meta property=\"og:description\" content=\"Contactez-nous par e-mail ou par t\u00e9l\u00e9phone pour la r\u00e9servation des places pour nos prochaines s\u00e9ances. Information des dates. Disponibilit\u00e9s et Prix.\" \/>\n<meta property=\"og:url\" content=\"https:\/\/okofacefitness.com\/fr\/contact\/\" \/>\n<meta property=\"og:site_name\" content=\"\u00d6KO Face Fitness\" \/>\n<meta property=\"article:publisher\" content=\"https:\/\/www.facebook.com\/OKOfacefitness\/\" \/>\n<meta property=\"article:modified_time\" content=\"2026-04-13T22:49:00+00:00\" \/>\n<meta property=\"og:image\" content=\"https:\/\/okofacefitness.com\/wp-content\/uploads\/2024\/03\/OKO-Face-Fitness-fb.jpg\" \/>\n\t<meta property=\"og:image:width\" content=\"512\" \/>\n\t<meta property=\"og:image:height\" content=\"512\" \/>\n\t<meta property=\"og:image:type\" content=\"image\/png\" \/>\n<meta name=\"twitter:card\" content=\"summary_large_image\" \/>\n<meta name=\"twitter:label1\" content=\"Dur\u00e9e de lecture estim\u00e9e\" \/>\n\t<meta name=\"twitter:data1\" content=\"1 minute\" \/>\n<script type=\"application\/ld+json\" class=\"yoast-schema-graph\">{\"@context\":\"https:\\\/\\\/schema.org\",\"@graph\":[{\"@type\":\"WebPage\",\"@id\":\"https:\\\/\\\/okofacefitness.com\\\/fr\\\/contact\\\/\",\"url\":\"https:\\\/\\\/okofacefitness.com\\\/fr\\\/contact\\\/\",\"name\":\"Contact - \u00d6KO Face Fitness\",\"isPartOf\":{\"@id\":\"https:\\\/\\\/okofacefitness.com\\\/#website\"},\"datePublished\":\"2019-02-19T18:23:00+00:00\",\"dateModified\":\"2026-04-13T22:49:00+00:00\",\"description\":\"Contactez-nous par e-mail ou par t\u00e9l\u00e9phone pour la r\u00e9servation des places pour nos prochaines s\u00e9ances. Information des dates. Disponibilit\u00e9s et Prix.\",\"breadcrumb\":{\"@id\":\"https:\\\/\\\/okofacefitness.com\\\/fr\\\/contact\\\/#breadcrumb\"},\"inLanguage\":\"fr-FR\",\"potentialAction\":[{\"@type\":\"ReadAction\",\"target\":[\"https:\\\/\\\/okofacefitness.com\\\/fr\\\/contact\\\/\"]}]},{\"@type\":\"BreadcrumbList\",\"@id\":\"https:\\\/\\\/okofacefitness.com\\\/fr\\\/contact\\\/#breadcrumb\",\"itemListElement\":[{\"@type\":\"ListItem\",\"position\":1,\"name\":\"Home\",\"item\":\"https:\\\/\\\/okofacefitness.com\\\/fr\\\/\"},{\"@type\":\"ListItem\",\"position\":2,\"name\":\"Contact\"}]},{\"@type\":\"WebSite\",\"@id\":\"https:\\\/\\\/okofacefitness.com\\\/#website\",\"url\":\"https:\\\/\\\/okofacefitness.com\\\/\",\"name\":\"\u00d6KO Face Fitness\",\"description\":\"Devenez le SCULPTEUR de votre VISAGE !\",\"publisher\":{\"@id\":\"https:\\\/\\\/okofacefitness.com\\\/#organization\"},\"potentialAction\":[{\"@type\":\"SearchAction\",\"target\":{\"@type\":\"EntryPoint\",\"urlTemplate\":\"https:\\\/\\\/okofacefitness.com\\\/?s={search_term_string}\"},\"query-input\":{\"@type\":\"PropertyValueSpecification\",\"valueRequired\":true,\"valueName\":\"search_term_string\"}}],\"inLanguage\":\"fr-FR\"},{\"@type\":\"Organization\",\"@id\":\"https:\\\/\\\/okofacefitness.com\\\/#organization\",\"name\":\"\u00d6KO Face Fitness\",\"url\":\"https:\\\/\\\/okofacefitness.com\\\/\",\"logo\":{\"@type\":\"ImageObject\",\"inLanguage\":\"fr-FR\",\"@id\":\"https:\\\/\\\/okofacefitness.com\\\/#\\\/schema\\\/logo\\\/image\\\/\",\"url\":\"https:\\\/\\\/okofacefitness.com\\\/wp-content\\\/uploads\\\/2024\\\/03\\\/OKO-Face-Fitness-fb.jpg\",\"contentUrl\":\"https:\\\/\\\/okofacefitness.com\\\/wp-content\\\/uploads\\\/2024\\\/03\\\/OKO-Face-Fitness-fb.jpg\",\"width\":1617,\"height\":696,\"caption\":\"\u00d6KO Face Fitness\"},\"image\":{\"@id\":\"https:\\\/\\\/okofacefitness.com\\\/#\\\/schema\\\/logo\\\/image\\\/\"},\"sameAs\":[\"https:\\\/\\\/www.facebook.com\\\/OKOfacefitness\\\/\",\"https:\\\/\\\/www.instagram.com\\\/oko_facefitness\\\/\",\"https:\\\/\\\/www.youtube.com\\\/channel\\\/UCU2vfdJhN_im8ep0dXnya7Q\"]}]}<\/script>\n<!-- \/ Yoast SEO plugin. -->","yoast_head_json":{"title":"Contact - \u00d6KO Face Fitness","description":"Contactez-nous par e-mail ou par t\u00e9l\u00e9phone pour la r\u00e9servation des places pour nos prochaines s\u00e9ances. Information des dates. Disponibilit\u00e9s et Prix.","robots":{"index":"index","follow":"follow","max-snippet":"max-snippet:-1","max-image-preview":"max-image-preview:large","max-video-preview":"max-video-preview:-1"},"canonical":"https:\/\/okofacefitness.com\/fr\/contact\/","og_locale":"fr_FR","og_type":"article","og_title":"Contact - \u00d6KO Face Fitness","og_description":"Contactez-nous par e-mail ou par t\u00e9l\u00e9phone pour la r\u00e9servation des places pour nos prochaines s\u00e9ances. Information des dates. Disponibilit\u00e9s et Prix.","og_url":"https:\/\/okofacefitness.com\/fr\/contact\/","og_site_name":"\u00d6KO Face Fitness","article_publisher":"https:\/\/www.facebook.com\/OKOfacefitness\/","article_modified_time":"2026-04-13T22:49:00+00:00","og_image":[{"width":512,"height":512,"url":"https:\/\/okofacefitness.com\/wp-content\/uploads\/2024\/03\/OKO-Face-Fitness-fb.jpg","type":"image\/png"}],"twitter_card":"summary_large_image","twitter_misc":{"Dur\u00e9e de lecture estim\u00e9e":"1 minute"},"schema":{"@context":"https:\/\/schema.org","@graph":[{"@type":"WebPage","@id":"https:\/\/okofacefitness.com\/fr\/contact\/","url":"https:\/\/okofacefitness.com\/fr\/contact\/","name":"Contact - \u00d6KO Face Fitness","isPartOf":{"@id":"https:\/\/okofacefitness.com\/#website"},"datePublished":"2019-02-19T18:23:00+00:00","dateModified":"2026-04-13T22:49:00+00:00","description":"Contactez-nous par e-mail ou par t\u00e9l\u00e9phone pour la r\u00e9servation des places pour nos prochaines s\u00e9ances. Information des dates. Disponibilit\u00e9s et Prix.","breadcrumb":{"@id":"https:\/\/okofacefitness.com\/fr\/contact\/#breadcrumb"},"inLanguage":"fr-FR","potentialAction":[{"@type":"ReadAction","target":["https:\/\/okofacefitness.com\/fr\/contact\/"]}]},{"@type":"BreadcrumbList","@id":"https:\/\/okofacefitness.com\/fr\/contact\/#breadcrumb","itemListElement":[{"@type":"ListItem","position":1,"name":"Home","item":"https:\/\/okofacefitness.com\/fr\/"},{"@type":"ListItem","position":2,"name":"Contact"}]},{"@type":"WebSite","@id":"https:\/\/okofacefitness.com\/#website","url":"https:\/\/okofacefitness.com\/","name":"\u00d6KO Face Fitness","description":"Devenez le SCULPTEUR de votre VISAGE !","publisher":{"@id":"https:\/\/okofacefitness.com\/#organization"},"potentialAction":[{"@type":"SearchAction","target":{"@type":"EntryPoint","urlTemplate":"https:\/\/okofacefitness.com\/?s={search_term_string}"},"query-input":{"@type":"PropertyValueSpecification","valueRequired":true,"valueName":"search_term_string"}}],"inLanguage":"fr-FR"},{"@type":"Organization","@id":"https:\/\/okofacefitness.com\/#organization","name":"\u00d6KO Face Fitness","url":"https:\/\/okofacefitness.com\/","logo":{"@type":"ImageObject","inLanguage":"fr-FR","@id":"https:\/\/okofacefitness.com\/#\/schema\/logo\/image\/","url":"https:\/\/okofacefitness.com\/wp-content\/uploads\/2024\/03\/OKO-Face-Fitness-fb.jpg","contentUrl":"https:\/\/okofacefitness.com\/wp-content\/uploads\/2024\/03\/OKO-Face-Fitness-fb.jpg","width":1617,"height":696,"caption":"\u00d6KO Face Fitness"},"image":{"@id":"https:\/\/okofacefitness.com\/#\/schema\/logo\/image\/"},"sameAs":["https:\/\/www.facebook.com\/OKOfacefitness\/","https:\/\/www.instagram.com\/oko_facefitness\/","https:\/\/www.youtube.com\/channel\/UCU2vfdJhN_im8ep0dXnya7Q"]}]}},"_links":{"self":[{"href":"https:\/\/okofacefitness.com\/fr\/wp-json\/wp\/v2\/pages\/3637","targetHints":{"allow":["GET"]}}],"collection":[{"href":"https:\/\/okofacefitness.com\/fr\/wp-json\/wp\/v2\/pages"}],"about":[{"href":"https:\/\/okofacefitness.com\/fr\/wp-json\/wp\/v2\/types\/page"}],"author":[{"embeddable":true,"href":"https:\/\/okofacefitness.com\/fr\/wp-json\/wp\/v2\/users\/1"}],"replies":[{"embeddable":true,"href":"https:\/\/okofacefitness.com\/fr\/wp-json\/wp\/v2\/comments?post=3637"}],"version-history":[{"count":14,"href":"https:\/\/okofacefitness.com\/fr\/wp-json\/wp\/v2\/pages\/3637\/revisions"}],"predecessor-version":[{"id":8121,"href":"https:\/\/okofacefitness.com\/fr\/wp-json\/wp\/v2\/pages\/3637\/revisions\/8121"}],"wp:attachment":[{"href":"https:\/\/okofacefitness.com\/fr\/wp-json\/wp\/v2\/media?parent=3637"}],"curies":[{"name":"wp","href":"https:\/\/api.w.org\/{rel}","templated":true}]}}