{"id":3876,"date":"2019-04-29T16:52:32","date_gmt":"2019-04-29T14:52:32","guid":{"rendered":"https:\/\/okofacefitness.fr\/?page_id=3876"},"modified":"2026-04-14T02:55:40","modified_gmt":"2026-04-13T23:55:40","slug":"mentions-legales","status":"publish","type":"page","link":"https:\/\/okofacefitness.com\/fr\/mentions-legales\/","title":{"rendered":"Mentions l\u00e9gales"},"content":{"rendered":"<div class=\"wpb-content-wrapper\"><p>[vc_row][vc_column width=\u00a0\u00bb1\/6&Prime;][\/vc_column][vc_column width=\u00a0\u00bb2\/3&Prime;]<div class=\"qodef-elements-holder   qodef-one-column  qodef-responsive-mode-768 \" ><div class=\"qodef-eh-item    \"  data-item-class=\"qodef-eh-custom-3105\" data-680-768=\"0 40px 0 40px\" data-680=\"0 40px 0 40px\">\n\t\t<div class=\"qodef-eh-item-inner\">\n\t\t<div class=\"qodef-eh-item-content qodef-eh-custom-3105\" >\n\t\t\t[vc_empty_space height=\u00a0\u00bb62px\u00a0\u00bb][vc_column_text css=\u00a0\u00bb\u00a0\u00bb]REJUVENATION LLC<br \/>\nT\u00e9l\u00e9phone : +33 659 782 494<br \/>\nEmail : info@okofacefitness.com<br \/>\nSIRET : 4309016<br \/>\nDirecteur de publication : Mari Lakspere<\/p>\n<p>&nbsp;<\/p>\n<p><strong>Politique de confidentialit\u00e9 des donn\u00e9es personnelles<\/strong><\/p>\n<p>La pr\u00e9sente Politique de confidentialit\u00e9 s\u2019int\u00e8gre enti\u00e8rement aux Conditions G\u00e9n\u00e9rales de Vente propos\u00e9es par la soci\u00e9t\u00e9 <strong>REJUVENATION<\/strong>\u00a0(ci-apr\u00e8s la \u00ab Soci\u00e9t\u00e9 \u00bb).<br \/>\nLa Soci\u00e9t\u00e9 propose des prestations de formations de bien-\u00eatre (ci-apr\u00e8s les \u00ab Services \u00bb) \u00e0 ses clients (ci-apr\u00e8s les \u00ab Clients \u00bb).<br \/>\nLa Soci\u00e9t\u00e9 utilise son site web pour partager les informations, constituer une base de donn\u00e9es de ses Clients (ci-apr\u00e8s les \u00ab Donn\u00e9es Clients \u00bb), de suivre l\u2019historique de leurs rendez-vous, de g\u00e9rer ses stocks, d\u2019acc\u00e9der \u00e0 des statistiques sur ses Clients et d\u2019utiliser un service de marketing direct.<br \/>\nLa Soci\u00e9t\u00e9 est le responsable du traitement des Donn\u00e9es Clients.<br \/>\nLa Soci\u00e9t\u00e9, soucieuse des donn\u00e9es \u00e0 caract\u00e8re personnel du Client, s\u2019engage \u00e0 assurer la conformit\u00e9 des traitements op\u00e9r\u00e9s en sa qualit\u00e9 de responsable de traitement, conform\u00e9ment aux dispositions du R\u00e8glement 2016\/679 du Parlement europ\u00e9en et du Conseil en date du 27 avril 2016 (le \u00ab RGPD \u00bb).<br \/>\nPour ce faire, la Soci\u00e9t\u00e9 utilise une solution conforme au RGPD et a mis en place une politique de confidentialit\u00e9 stricte afin de garantir un niveau de protection optimal des donn\u00e9es collect\u00e9es du Client.<br \/>\nLa pr\u00e9sente politique de confidentialit\u00e9 est destin\u00e9e aux Clients utilisant les Services propos\u00e9s par la Soci\u00e9t\u00e9.<\/p>\n<p>&nbsp;<\/p>\n<p><strong>ARTICLE 1. DONN\u00c9ES A CARACTERE PERSONNEL COLLECTEES<\/strong><br \/>\nLe Client est inform\u00e9 que lors de l\u2019achat d\u2019une prestation ou d\u2019un produit aupr\u00e8s de la Soci\u00e9t\u00e9, les donn\u00e9es \u00e0 caract\u00e8re personnel suivantes le concernant sont collect\u00e9es (i) par t\u00e9l\u00e9phone lors de la prise de rendez-vous, (ii) via le site internet de la Soci\u00e9t\u00e9 (ci-apr\u00e8s le \u00ab Site \u00bb) lors de la cr\u00e9ation du compte personnel du Client :<br \/>\nNom, pr\u00e9nom ;<br \/>\nAdresse email ;<br \/>\nNum\u00e9ro de t\u00e9l\u00e9phone ;<br \/>\nDate de naissance ;<br \/>\nAdresse postale<\/p>\n<p>Le Client est \u00e9galement inform\u00e9 que l\u2019historique de ses prestations, ses produits et de ses paiements est conserv\u00e9 par la Soci\u00e9t\u00e9.<br \/>\nLe Client consent au traitement des donn\u00e9es \u00e0 caract\u00e8re personnel ci-dessus \u00e9num\u00e9r\u00e9es.<br \/>\nLe Client est inform\u00e9 que la Soci\u00e9t\u00e9 ne proc\u00e8de \u00e0 la collecte d\u2019aucune donn\u00e9e \u00e0 caract\u00e8re sensible au sens de la l\u00e9gislation et de la r\u00e8glementation en vigueur.<br \/>\nLe Client s\u2019engage \u00e0 ne communiquer que des donn\u00e9es exactes, compl\u00e8tes, r\u00e9guli\u00e8rement mises \u00e0 jour sur son identit\u00e9 et ses informations. La Soci\u00e9t\u00e9 ne saurait en aucun cas engager sa responsabilit\u00e9 en cas de communication de donn\u00e9es obsol\u00e8tes, illicites ou contraire \u00e0 l\u2019ordre public.<br \/>\nCookies<br \/>\nLa Soci\u00e9t\u00e9 informe le Client qu\u2019elle d\u00e9pose des cookies ou technologies similaires de tra\u00e7age sur le terminal du Client, lorsque celui-ci consulte le Site, et collecte les donn\u00e9es suivantes :<br \/>\nAdresse IP (Internet Protocol) ;<br \/>\nVersion du navigateur du terminal utilis\u00e9 ;<br \/>\nParcours sur le site\/ donn\u00e9es de navigation ;<br \/>\nCookies de fonctionnement.<br \/>\nLes finalit\u00e9s de traitement des donn\u00e9es collect\u00e9es via les cookies et les traceurs ainsi que la gestion des cookies seront d\u00e9taill\u00e9s \u00e0 l\u2019article 7.<\/p>\n<p>&nbsp;<\/p>\n<p><strong>ARTICLE 2. FINALITE DU TRAITEMENT MIS EN \u0152UVRE<\/strong><br \/>\nLa Soci\u00e9t\u00e9 collecte, traite et conserve les donn\u00e9es transmises par le Client dans le cadre de l\u2019acc\u00e8s aux Services.<br \/>\nEn outre, sous r\u00e9serve de son acceptation expresse, le Client pourra recevoir des sollicitations de marketing direct de la part de la Soci\u00e9t\u00e9<strong> REJUVENATION<\/strong>.<br \/>\nEn cas de collecte des donn\u00e9es \u00e0 caract\u00e8re personnel du Client par t\u00e9l\u00e9phone ou dans le lieu ou la formation est effectu\u00e9e, un email de confirmation du consentement sera adress\u00e9 au Client.<br \/>\nAinsi, la Soci\u00e9t\u00e9 ne collecte et traite les donn\u00e9es \u00e0 caract\u00e8re personnel du Client que pour la stricte ex\u00e9cution et l\u2019utilisation optimale des Services qu\u2019elle propose.<br \/>\nLe Client est inform\u00e9 que le traitement op\u00e9r\u00e9 par la Soci\u00e9t\u00e9 a \u00e9galement pour finalit\u00e9 l\u2019\u00e9tablissement de statistiques sur l\u2019utilisation des Services.<br \/>\nLa Soci\u00e9t\u00e9 informe les Clients qu\u2019aucune donn\u00e9e \u00e0 caract\u00e8re personnel ne sera collect\u00e9e sans son accord expr\u00e8s et pr\u00e9alable.<br \/>\nLa Soci\u00e9t\u00e9 informe le Client que les donn\u00e9es ne sont conserv\u00e9es que pour la dur\u00e9e de la relation contractuelle express\u00e9ment n\u00e9cessaire \u00e0 la finalit\u00e9 du traitement.<\/p>\n<p>&nbsp;<\/p>\n<p><strong>ARTICLE 3. OBLIGATIONS DE LA SOCIETE<\/strong><br \/>\nEn sa qualit\u00e9 de responsable de traitement, et conform\u00e9ment \u00e0 la l\u00e9gislation et la r\u00e9glementation en vigueur, la Soci\u00e9t\u00e9 s\u2019engage \u00e0 :<br \/>\nNe collecter les donn\u00e9es des Clients de la Soci\u00e9t\u00e9 que pour les finalit\u00e9s d\u00e9crites \u00e0 l\u2019article 2 ;<br \/>\nTenir un registre des traitements ;<br \/>\nMettre en place toutes les mesures techniques et organisationnelles pour s\u2019assurer de la s\u00e9curit\u00e9 des traitements effectu\u00e9s ;<br \/>\nRestreindre les acc\u00e8s aux donn\u00e9es des Clients aux seules personnes d\u00fbment habilit\u00e9es \u00e0 cet effet ;<br \/>\nSensibiliser et former le personnel au traitement des donn\u00e9es ;<br \/>\nGarantir tous les droits d\u2019acc\u00e8s, de portabilit\u00e9, d\u2019effacement, de rectification et d\u2019opposition des Clients concernant leurs donn\u00e9es collect\u00e9es lors de l\u2019utilisation des Services ;<br \/>\nNotifier \u00e0 la CNIL toute faille de s\u00e9curit\u00e9 pr\u00e9sentant un risque \u00e9lev\u00e9 pour les droits et libert\u00e9s des Clients dans les 72 heures suivant la d\u00e9couverte de la violation ;<br \/>\nProc\u00e9der \u00e0 la destruction des donn\u00e9es des Clients en l\u2019absence de contact avec la Soci\u00e9t\u00e9 pendant un d\u00e9lai de trois (3) ans.<\/p>\n<p>&nbsp;<\/p>\n<p><strong>ARTICLE 4. ACCES AUX DONNEES COLLECTEES<\/strong><br \/>\nLe Client dispose \u00e0 tout moment, au pr\u00e9alable, au cours ou \u00e0 la suite du traitement, d\u2019un droit d\u2019acc\u00e8s, de copie, de rectification, d\u2019opposition, de portabilit\u00e9, de limitation et de suppression des donn\u00e9es qui le concernent.<br \/>\nIl peut param\u00e9trer directement ses donn\u00e9es via son compte personnel ou exercer ses droits en adressant un courrier \u00e9lectronique \u00e0 l\u2019adresse suivante : info@okofacefitness.com et ce, sous r\u00e9serve de justifier de son identit\u00e9.<br \/>\nLe Client est d\u00fbment inform\u00e9 que la suppression de son compte personnel entra\u00eene une suppression de l\u2019acc\u00e8s aux Services et des donn\u00e9es qui sont li\u00e9es \u00e0 l\u2019utilisation des Services. Le Client est inform\u00e9 que les Donn\u00e9es Clients sont conserv\u00e9es pour une p\u00e9riode de soixante (60) jours \u00e0 compter de la r\u00e9siliation, sauf pour les \u00e9ventuelles donn\u00e9es dont une conservation plus longue serait impos\u00e9e par la l\u00e9gislation ou la r\u00e8glementation.<br \/>\nEn outre, le Client peut \u00e0 tout moment interroger la Soci\u00e9t\u00e9 s\u2019il estime que ses droits ne sont pas respect\u00e9s.<\/p>\n<p>&nbsp;<\/p>\n<p><strong>ARTICLE 5. GESTION DES COOKIES<\/strong><br \/>\nUn cookie est un fichier texte d\u00e9pos\u00e9, sous r\u00e9serve des choix du Client, sur son ordinateur lors de la visite d&rsquo;une page web. Il a pour but de collecter des informations relatives \u00e0 la navigation du Client et de lui adresser des services adapt\u00e9s \u00e0 son terminal (ordinateur, mobile ou tablette).<br \/>\nLe Client est par cons\u00e9quent inform\u00e9 que l\u2019utilisation des Services implique le stockage de fichiers \u00ab Cookies \u00bb, t\u00e9moins de connexion, autres traceurs ou technologies similaires sur le terminal du Client.<br \/>\nLe Client est inform\u00e9 que la Soci\u00e9t\u00e9 d\u00e9pose des cookies et des traceurs sur son terminal afin de permettre (i) au Client de s\u2019identifier, (ii) \u00e0 la Soci\u00e9t\u00e9 d\u2019administrer l\u2019espace personnel du Client, (iii) d\u2019am\u00e9liorer le contenu du Site, ou le cas \u00e9ch\u00e9ant (iv) \u00e0 des fins de mesure d\u2019audience du Site par le biais d\u2019un calcul de statistiques sur les pages consult\u00e9es par le Client et la d\u00e9termination des Services les plus utilis\u00e9s.<br \/>\nLe Client est inform\u00e9 que les cookies et traceurs seront d\u00e9pos\u00e9s sur son terminal pendant une dur\u00e9e de treize (13) mois.<br \/>\nLe Client peut \u00e0 tout moment configurer son navigateur afin de recevoir une notification lorsqu\u2019un cookie est envoy\u00e9 ou de refuser les cookies.<br \/>\nToutefois, certaines des fonctionnalit\u00e9s des Services pourraient ne pas fonctionner sans cookies. Par ailleurs, si la plupart des navigateurs sont param\u00e9tr\u00e9s par d\u00e9faut et acceptent l\u2019installation de l\u2019ensemble des cookies, le Client a la possibilit\u00e9, s\u2019il le souhaite, de choisir d\u2019accepter le d\u00e9p\u00f4t de tous les cookies, autres que les cookies fonctionnels, ou de les rejeter syst\u00e9matiquement ou encore de choisir ceux qu\u2019il accepte selon leurs \u00e9metteurs, et ceci en effectuant les param\u00e9trages suivants.<br \/>\nLa Soci\u00e9t\u00e9 informe le Client qu\u2019il peut \u00e0 tout moment revenir sur son consentement en modifiant ces param\u00e9trages.<\/p>\n<p>&nbsp;<\/p>\n<p><strong>CONDITIONS GENERALES DE VENTE<\/strong><\/p>\n<p>ARTICLE 1 &#8211; Champs d&rsquo;application<\/p>\n<p>Les pr\u00e9sentes conditions g\u00e9n\u00e9rales de vente s&rsquo;appliquent, sans restriction ni r\u00e9serve \u00e0 l&rsquo;ensemble des services et produits propos\u00e9s par la soci\u00e9t\u00e9 <strong>REJUVENATION<\/strong> sur son site Internet et \u00e0 destination des clients ou visiteurs.<br \/>\nPar l\u2019interm\u00e9diaire de son site Internet, la soci\u00e9t\u00e9 <strong>REJUVENATION<\/strong>\u00a0offre au Client la possibilit\u00e9 d\u2019acc\u00e9der \u00e0 une gamme compl\u00e8te de ses prestations de formation et des produits.<br \/>\nEn cons\u00e9quence, le fait pour une personne physique ou morale, de commander sur le site Internet de la soci\u00e9t\u00e9 <strong>REJUVENATION<\/strong> emporte acceptation pleine et enti\u00e8re des pr\u00e9sentes conditions g\u00e9n\u00e9rales de vente.<br \/>\nElles sont accessibles \u00e0 tout moment sur ce site Internet et pr\u00e9vaudront, le cas \u00e9ch\u00e9ant, sur toute autre version.<\/p>\n<p>ARTICLE 2 &#8211; Tarifs, devis, commandes sur le site Internet<\/p>\n<p>1) Les prix indiqu\u00e9s sur le site Internet sont exprim\u00e9s en Euros et TTC et correspondent \u00e0 ceux en vigueur au jour de la commande.<br \/>\nLa soci\u00e9t\u00e9 <strong>REJUVENATION<\/strong>\u00a0se r\u00e9serve le droit de modifier les prix \u00e0 tout moment, le prix indiqu\u00e9 dans la confirmation de la commande \u00e9tant le prix d\u00e9finitif.<br \/>\nLe paiement lui-m\u00eame ne sera consid\u00e9r\u00e9 comme d\u00e9finitif qu&rsquo;apr\u00e8s encaissement effectif des fonds par la soci\u00e9t\u00e9 <strong>REJUVENATION<\/strong><\/p>\n<p>2) Conform\u00e9ment aux dispositions de l&rsquo;article L.121-20 du Code de la consommation, en cas de vente \u00e0 distance, le Client dispose d\u2019un d\u00e9lai de r\u00e9tractation de 14 jours \u00e0 compter de la r\u00e9ception de la confirmation de sa commande, sans avoir \u00e0 justifier de motifs, ni \u00e0 payer de p\u00e9nalit\u00e9s, \u00e0 l&rsquo;exception, le cas \u00e9ch\u00e9ant, des frais de gestion.<br \/>\nL\u2019Utilisateur ne peut b\u00e9n\u00e9ficier ni invoquer ce droit de r\u00e9tractation d\u00e8s lors qu\u2019il y a eu un commencement de r\u00e9alisation de la prestation de la part de la soci\u00e9t\u00e9 <strong>REJUVENATION<\/strong>.<\/p>\n<p>3) R\u00e9servation en ligne avec paiement en ligne est propos\u00e9e sur le site Internet :<\/p>\n<p>La r\u00e9servation des prestations peut donner lieu \u00e0 une demande de paiement en ligne.<br \/>\nLorsque le client a proc\u00e9d\u00e9 \u00e0 une r\u00e9servation avec paiement en ligne, il a la possibilit\u00e9 d\u2019annuler sa r\u00e9servation jusqu\u2019\u00e0 24h avant la date de l\u2019horaire de la prestation initialement choisie. Il doit pour cela contacter directement la Soci\u00e9t\u00e9.<br \/>\nPass\u00e9 ce d\u00e9lai et en cas de d\u00e9sistement du client, le soin sera d\u00fb par le client et l\u2019acceptation d\u2019un report ou d\u2019une annulation restera \u00e0 l\u2019enti\u00e8re discr\u00e9tion du Professionnel.<\/p>\n<p>ARTICLE 3 &#8211; Paiement du prix<\/p>\n<p>La fourniture des services est r\u00e9alis\u00e9e contre paiement par le Client du prix total correspondant \u00e0 la prestation choisie, dans l\u2019\u00c9tablissement <strong>REJUVENATION<\/strong>.<br \/>\nLe prix est payable en totalit\u00e9 et en un seul versement \u00e0 la commande et vaut confirmation de commande.<br \/>\nLe r\u00e8glement des achats s&rsquo;effectue par cartes bancaires, les cartes accept\u00e9es \u00e9tant les suivantes : CB, VISA S\u00e9curisation de paiement de STRIPE<\/p>\n<p>ARTICLE 4 &#8211; Fourniture des prestations<\/p>\n<p>Les services command\u00e9s par le Client seront fournis sur pr\u00e9sentation de la confirmation de commande par <strong>REJUVENATION<\/strong><br \/>\nEn cas d\u2019impossibilit\u00e9 pour <strong>REJUVENATION<\/strong>\u00a0de fournir la prestation achet\u00e9e pendant la p\u00e9riode de validit\u00e9 du bon d\u2019\u00e9change, l&rsquo;\u00e9tablissement <strong>REJUVENATION<\/strong>\u00a0s\u2019engage \u00e0 proc\u00e9der au remboursement du prix du bon d\u2019\u00e9change ou un avoir du m\u00eame montant dans un d\u00e9lai maximal de 15 jours, par cr\u00e9dit sur la carte bancaire d\u00e9bit\u00e9e \u00e0 la commande, \u00e0 l&rsquo;exclusion de toute indemnisation ou retenue.<br \/>\nPour annuler ou modifier une r\u00e9servation, le Client devra contacter l&rsquo;\u00e9tablissement <strong>REJUVENATION<\/strong>\u00a0au moins 24h ouvr\u00e9es avant la date pr\u00e9vue du rendez-vous. Pass\u00e9 ce d\u00e9lai, <strong>REJUVENATION<\/strong>\u00a0sera en droit de consid\u00e9rer la prestation comme r\u00e9alis\u00e9e.<\/p>\n<p>ARTICLE 5 &#8211; Responsabilit\u00e9 du prestataire<\/p>\n<p>Les services fournis par le site Internet de <strong>REJUVENATION<\/strong>\u00a0sont conformes \u00e0 la r\u00e9glementation en vigueur en France.<\/p>\n<p>La soci\u00e9t\u00e9 <strong>REJUVENATION<\/strong>\u00a0ne sera pas consid\u00e9r\u00e9e comme responsable ni d\u00e9faillante pour tout retard ou inex\u00e9cution cons\u00e9cutif \u00e0 la survenance d&rsquo;un cas de force majeure habituellement reconnu par la jurisprudence estonienne.<\/p>\n<p>ARTICLE 6 &#8211; Informatiques et Libert\u00e9s<\/p>\n<p>En application de la loi n\u00b0 78-17 du 6 janvier 1978, il est rappel\u00e9 que les donn\u00e9es nominatives qui sont demand\u00e9es au Client sont n\u00e9cessaires au traitement de sa commande et sont destin\u00e9es \u00e0 un usage interne.<br \/>\nCes donn\u00e9es nominatives peuvent n\u00e9anmoins \u00eatre transmises \u00e0 des tiers, partenaires de la soci\u00e9t\u00e9 <strong>REJUVENATION<\/strong>. Le Client dispose donc d&rsquo;un droit d&rsquo;acc\u00e8s, de modification, de rectification et d&rsquo;opposition s&rsquo;agissant des informations le concernant.<br \/>\nPour la bonne utilisation du site, nous utilisons un cookie sur votre ordinateur. Ce cookie a pour objet, d\u2019une part, d\u2019enregistrer des informations relatives \u00e0 la navigation de votre ordinateur sur notre site pour nous permettre de tirer des statistiques et am\u00e9liorer nos services ; d\u2019autre part, d\u2019identifier votre ordinateur au d\u00e9but de la phase d\u2019abonnement en ligne, pr\u00e9alable n\u00e9cessaire pour tout abonnement pass\u00e9 sur le site. Le cookie que nous implantons dans votre ordinateur n\u2019est pas permanent.<\/p>\n<p>ARTICLE 7 &#8211; Droit applicable<\/p>\n<p>Toutes les clauses figurant dans les pr\u00e9sentes conditions g\u00e9n\u00e9rales de vente, ainsi que toutes les op\u00e9rations de fourniture de prestations de service qui y sont vis\u00e9es, seront soumises au droit estonien.[\/vc_column_text][vc_empty_space height=\u00a0\u00bb62px\u00a0\u00bb]\t\t<\/div>\n\t<\/div>\n<\/div><\/div>[\/vc_column][vc_column width=\u00a0\u00bb1\/6&Prime;][\/vc_column][\/vc_row]<\/p>\n<\/div>","protected":false},"excerpt":{"rendered":"<p> [&hellip;]<\/p>\n","protected":false},"author":1,"featured_media":0,"parent":0,"menu_order":0,"comment_status":"closed","ping_status":"closed","template":"full-width.php","meta":{"_acf_changed":false,"footnotes":""},"class_list":["post-3876","page","type-page","status-publish","hentry"],"acf":[],"yoast_head":"<!-- This site is optimized with the Yoast SEO plugin v27.4 - https:\/\/yoast.com\/product\/yoast-seo-wordpress\/ -->\n<title>Mentions l\u00e9gales - \u00d6KO Face Fitness<\/title>\n<meta name=\"robots\" content=\"index, follow, max-snippet:-1, max-image-preview:large, max-video-preview:-1\" \/>\n<link rel=\"canonical\" href=\"https:\/\/okofacefitness.com\/fr\/mentions-legales\/\" \/>\n<meta property=\"og:locale\" content=\"fr_FR\" \/>\n<meta property=\"og:type\" content=\"article\" \/>\n<meta property=\"og:title\" content=\"Mentions l\u00e9gales - \u00d6KO Face Fitness\" \/>\n<meta property=\"og:description\" content=\"[&hellip;]\" \/>\n<meta property=\"og:url\" content=\"https:\/\/okofacefitness.com\/fr\/mentions-legales\/\" \/>\n<meta property=\"og:site_name\" content=\"\u00d6KO Face Fitness\" \/>\n<meta property=\"article:publisher\" content=\"https:\/\/www.facebook.com\/OKOfacefitness\/\" \/>\n<meta property=\"article:modified_time\" content=\"2026-04-13T23:55:40+00:00\" \/>\n<meta property=\"og:image\" content=\"https:\/\/okofacefitness.com\/wp-content\/uploads\/2024\/03\/OKO-Face-Fitness-fb.jpg\" \/>\n\t<meta property=\"og:image:width\" content=\"512\" \/>\n\t<meta property=\"og:image:height\" content=\"512\" \/>\n\t<meta property=\"og:image:type\" content=\"image\/png\" \/>\n<meta name=\"twitter:card\" content=\"summary_large_image\" \/>\n<meta name=\"twitter:label1\" content=\"Dur\u00e9e de lecture estim\u00e9e\" \/>\n\t<meta name=\"twitter:data1\" content=\"10 minutes\" \/>\n<script type=\"application\/ld+json\" class=\"yoast-schema-graph\">{\"@context\":\"https:\\\/\\\/schema.org\",\"@graph\":[{\"@type\":\"WebPage\",\"@id\":\"https:\\\/\\\/okofacefitness.com\\\/fr\\\/mentions-legales\\\/\",\"url\":\"https:\\\/\\\/okofacefitness.com\\\/fr\\\/mentions-legales\\\/\",\"name\":\"Mentions l\u00e9gales - \u00d6KO Face Fitness\",\"isPartOf\":{\"@id\":\"https:\\\/\\\/okofacefitness.com\\\/#website\"},\"datePublished\":\"2019-04-29T14:52:32+00:00\",\"dateModified\":\"2026-04-13T23:55:40+00:00\",\"breadcrumb\":{\"@id\":\"https:\\\/\\\/okofacefitness.com\\\/fr\\\/mentions-legales\\\/#breadcrumb\"},\"inLanguage\":\"fr-FR\",\"potentialAction\":[{\"@type\":\"ReadAction\",\"target\":[\"https:\\\/\\\/okofacefitness.com\\\/fr\\\/mentions-legales\\\/\"]}]},{\"@type\":\"BreadcrumbList\",\"@id\":\"https:\\\/\\\/okofacefitness.com\\\/fr\\\/mentions-legales\\\/#breadcrumb\",\"itemListElement\":[{\"@type\":\"ListItem\",\"position\":1,\"name\":\"Home\",\"item\":\"https:\\\/\\\/okofacefitness.com\\\/fr\\\/\"},{\"@type\":\"ListItem\",\"position\":2,\"name\":\"Mentions l\u00e9gales\"}]},{\"@type\":\"WebSite\",\"@id\":\"https:\\\/\\\/okofacefitness.com\\\/#website\",\"url\":\"https:\\\/\\\/okofacefitness.com\\\/\",\"name\":\"\u00d6KO Face Fitness\",\"description\":\"Devenez le SCULPTEUR de votre VISAGE !\",\"publisher\":{\"@id\":\"https:\\\/\\\/okofacefitness.com\\\/#organization\"},\"potentialAction\":[{\"@type\":\"SearchAction\",\"target\":{\"@type\":\"EntryPoint\",\"urlTemplate\":\"https:\\\/\\\/okofacefitness.com\\\/?s={search_term_string}\"},\"query-input\":{\"@type\":\"PropertyValueSpecification\",\"valueRequired\":true,\"valueName\":\"search_term_string\"}}],\"inLanguage\":\"fr-FR\"},{\"@type\":\"Organization\",\"@id\":\"https:\\\/\\\/okofacefitness.com\\\/#organization\",\"name\":\"\u00d6KO Face Fitness\",\"url\":\"https:\\\/\\\/okofacefitness.com\\\/\",\"logo\":{\"@type\":\"ImageObject\",\"inLanguage\":\"fr-FR\",\"@id\":\"https:\\\/\\\/okofacefitness.com\\\/#\\\/schema\\\/logo\\\/image\\\/\",\"url\":\"https:\\\/\\\/okofacefitness.com\\\/wp-content\\\/uploads\\\/2024\\\/03\\\/OKO-Face-Fitness-fb.jpg\",\"contentUrl\":\"https:\\\/\\\/okofacefitness.com\\\/wp-content\\\/uploads\\\/2024\\\/03\\\/OKO-Face-Fitness-fb.jpg\",\"width\":1617,\"height\":696,\"caption\":\"\u00d6KO Face Fitness\"},\"image\":{\"@id\":\"https:\\\/\\\/okofacefitness.com\\\/#\\\/schema\\\/logo\\\/image\\\/\"},\"sameAs\":[\"https:\\\/\\\/www.facebook.com\\\/OKOfacefitness\\\/\",\"https:\\\/\\\/www.instagram.com\\\/oko_facefitness\\\/\",\"https:\\\/\\\/www.youtube.com\\\/channel\\\/UCU2vfdJhN_im8ep0dXnya7Q\"]}]}<\/script>\n<!-- \/ Yoast SEO plugin. -->","yoast_head_json":{"title":"Mentions l\u00e9gales - \u00d6KO Face Fitness","robots":{"index":"index","follow":"follow","max-snippet":"max-snippet:-1","max-image-preview":"max-image-preview:large","max-video-preview":"max-video-preview:-1"},"canonical":"https:\/\/okofacefitness.com\/fr\/mentions-legales\/","og_locale":"fr_FR","og_type":"article","og_title":"Mentions l\u00e9gales - \u00d6KO Face Fitness","og_description":"[&hellip;]","og_url":"https:\/\/okofacefitness.com\/fr\/mentions-legales\/","og_site_name":"\u00d6KO Face Fitness","article_publisher":"https:\/\/www.facebook.com\/OKOfacefitness\/","article_modified_time":"2026-04-13T23:55:40+00:00","og_image":[{"width":512,"height":512,"url":"https:\/\/okofacefitness.com\/wp-content\/uploads\/2024\/03\/OKO-Face-Fitness-fb.jpg","type":"image\/png"}],"twitter_card":"summary_large_image","twitter_misc":{"Dur\u00e9e de lecture estim\u00e9e":"10 minutes"},"schema":{"@context":"https:\/\/schema.org","@graph":[{"@type":"WebPage","@id":"https:\/\/okofacefitness.com\/fr\/mentions-legales\/","url":"https:\/\/okofacefitness.com\/fr\/mentions-legales\/","name":"Mentions l\u00e9gales - \u00d6KO Face Fitness","isPartOf":{"@id":"https:\/\/okofacefitness.com\/#website"},"datePublished":"2019-04-29T14:52:32+00:00","dateModified":"2026-04-13T23:55:40+00:00","breadcrumb":{"@id":"https:\/\/okofacefitness.com\/fr\/mentions-legales\/#breadcrumb"},"inLanguage":"fr-FR","potentialAction":[{"@type":"ReadAction","target":["https:\/\/okofacefitness.com\/fr\/mentions-legales\/"]}]},{"@type":"BreadcrumbList","@id":"https:\/\/okofacefitness.com\/fr\/mentions-legales\/#breadcrumb","itemListElement":[{"@type":"ListItem","position":1,"name":"Home","item":"https:\/\/okofacefitness.com\/fr\/"},{"@type":"ListItem","position":2,"name":"Mentions l\u00e9gales"}]},{"@type":"WebSite","@id":"https:\/\/okofacefitness.com\/#website","url":"https:\/\/okofacefitness.com\/","name":"\u00d6KO Face Fitness","description":"Devenez le SCULPTEUR de votre VISAGE !","publisher":{"@id":"https:\/\/okofacefitness.com\/#organization"},"potentialAction":[{"@type":"SearchAction","target":{"@type":"EntryPoint","urlTemplate":"https:\/\/okofacefitness.com\/?s={search_term_string}"},"query-input":{"@type":"PropertyValueSpecification","valueRequired":true,"valueName":"search_term_string"}}],"inLanguage":"fr-FR"},{"@type":"Organization","@id":"https:\/\/okofacefitness.com\/#organization","name":"\u00d6KO Face Fitness","url":"https:\/\/okofacefitness.com\/","logo":{"@type":"ImageObject","inLanguage":"fr-FR","@id":"https:\/\/okofacefitness.com\/#\/schema\/logo\/image\/","url":"https:\/\/okofacefitness.com\/wp-content\/uploads\/2024\/03\/OKO-Face-Fitness-fb.jpg","contentUrl":"https:\/\/okofacefitness.com\/wp-content\/uploads\/2024\/03\/OKO-Face-Fitness-fb.jpg","width":1617,"height":696,"caption":"\u00d6KO Face Fitness"},"image":{"@id":"https:\/\/okofacefitness.com\/#\/schema\/logo\/image\/"},"sameAs":["https:\/\/www.facebook.com\/OKOfacefitness\/","https:\/\/www.instagram.com\/oko_facefitness\/","https:\/\/www.youtube.com\/channel\/UCU2vfdJhN_im8ep0dXnya7Q"]}]}},"_links":{"self":[{"href":"https:\/\/okofacefitness.com\/fr\/wp-json\/wp\/v2\/pages\/3876","targetHints":{"allow":["GET"]}}],"collection":[{"href":"https:\/\/okofacefitness.com\/fr\/wp-json\/wp\/v2\/pages"}],"about":[{"href":"https:\/\/okofacefitness.com\/fr\/wp-json\/wp\/v2\/types\/page"}],"author":[{"embeddable":true,"href":"https:\/\/okofacefitness.com\/fr\/wp-json\/wp\/v2\/users\/1"}],"replies":[{"embeddable":true,"href":"https:\/\/okofacefitness.com\/fr\/wp-json\/wp\/v2\/comments?post=3876"}],"version-history":[{"count":9,"href":"https:\/\/okofacefitness.com\/fr\/wp-json\/wp\/v2\/pages\/3876\/revisions"}],"predecessor-version":[{"id":8182,"href":"https:\/\/okofacefitness.com\/fr\/wp-json\/wp\/v2\/pages\/3876\/revisions\/8182"}],"wp:attachment":[{"href":"https:\/\/okofacefitness.com\/fr\/wp-json\/wp\/v2\/media?parent=3876"}],"curies":[{"name":"wp","href":"https:\/\/api.w.org\/{rel}","templated":true}]}}