{"id":6688,"date":"2024-06-04T22:32:59","date_gmt":"2024-06-04T19:32:59","guid":{"rendered":"https:\/\/okofacefitness.com\/self-massage\/"},"modified":"2024-06-04T22:54:28","modified_gmt":"2024-06-04T19:54:28","slug":"auto-massage","status":"publish","type":"page","link":"https:\/\/okofacefitness.com\/fr\/auto-massage\/","title":{"rendered":"Auto-Massage"},"content":{"rendered":"<div class=\"wpb-content-wrapper\"><p>[vc_row equal_height=\u00a0\u00bbyes\u00a0\u00bb content_placement=\u00a0\u00bbmiddle\u00a0\u00bb][vc_column css=\u00a0\u00bb.vc_custom_1510578448669{padding-top: 0px !important;padding-right: 0px !important;}\u00a0\u00bb offset=\u00a0\u00bbvc_col-lg-6 vc_col-md-12&Prime;]<div class=\"qodef-elements-holder   qodef-one-column  qodef-responsive-mode-768 \" style=\"background-color: #fafafa\"><div class=\"qodef-eh-item   qodef-horizontal-alignment-center \" style=\"background-image: url(https:\/\/okofacefitness.com\/wp-content\/uploads\/2021\/10\/okofacefitness-auto-massage.jpg)\" data-item-class=\"qodef-eh-custom-6456\" data-1280-1600=\"294px 0px\" data-1024-1280=\"299px 0px\" data-768-1024=\"260px 0px\" data-680-768=\"260px 0px\" data-680=\"260px 0px\">\n\t\t<div class=\"qodef-eh-item-inner\">\n\t\t<div class=\"qodef-eh-item-content qodef-eh-custom-6456\" style=\"padding: 294px 0px\">\n\t\t\t\t\t<\/div>\n\t<\/div>\n<\/div><\/div>[\/vc_column][vc_column css=\u00a0\u00bb.vc_custom_1510914925522{padding-top: 0px !important;padding-left: 0px !important;}\u00a0\u00bb offset=\u00a0\u00bbvc_col-lg-6 vc_col-md-12&Prime;]<div class=\"qodef-elements-holder   qodef-one-column  qodef-responsive-mode-768 \" ><div class=\"qodef-eh-item    \"  data-item-class=\"qodef-eh-custom-8495\" data-1280-1600=\"0px 165px 36px\" data-1024-1280=\"0px 123px 36px\" data-768-1024=\"94px 144px 87px\" data-680-768=\"74px 82px 67px 100px\" data-680=\"74px 20px 67px 55px\">\n\t\t<div class=\"qodef-eh-item-inner\">\n\t\t<div class=\"qodef-eh-item-content qodef-eh-custom-8495\" style=\"padding: 50px 70px 24px 70px !important\">\n\t\t\t[vc_empty_space height=\u00a0\u00bb4px\u00a0\u00bb][vc_column_text]<\/p>\n<h2>Auto-Massage &amp; Intra-Buccal<\/h2>\n<p>[\/vc_column_text][vc_empty_space height=\u00a0\u00bb4px\u00a0\u00bb][vc_column_text css=\u00a0\u00bb.vc_custom_1671048192961{padding-right: 7% !important;}\u00a0\u00bb]En utilisant la technique d\u2019auto-massage \u00d6KO, tu fais un lifting profond du visage, n\u2019importe o\u00f9 et n\u2019importe quand.<\/p>\n<p>La circulation lymphatique s\u2019acc\u00e9l\u00e8re pour une \u00e9limination rapide des d\u00e9chets. Ton visage se d\u00e9gonfle et s\u2019illumine.<\/p>\n<p>Tu augmentes manifestement la fermet\u00e9 de toutes les zones du visage. Ta peau est souple, \u00e9lastique et tonique.<\/p>\n<p>Les muscles d\u00e9presseurs (ceux qui nous donnent la mauvaise humeur) se d\u00e9tendent.<\/p>\n<p>Ma\u00eetriser cette technique est excellent pour une bonne application de soins au quotidien.<\/p>\n<p>Le massage intra-buccal lisse les poches, les rides et les ridules sur le bas et le centre visage directement de l\u2019int\u00e9rieur de la bouche. Cette technique cr\u00e9e de l\u2019espace. Tu as la sensation physique l\u2019int\u00e9rieur de ta bouche retrouve les ampleurs de ta jeunesse.<\/p>\n<p>Tu es au top. En m\u00eame temps d\u00e9tendu et relax\u00e9.[\/vc_column_text][vc_empty_space height=\u00a0\u00bb26px\u00a0\u00bb]\t\t<\/div>\n\t<\/div>\n<\/div><\/div>[\/vc_column][\/vc_row]<\/p>\n<\/div>","protected":false},"excerpt":{"rendered":"<p> [&hellip;]<\/p>\n","protected":false},"author":1,"featured_media":0,"parent":0,"menu_order":0,"comment_status":"closed","ping_status":"closed","template":"full-width.php","meta":{"_acf_changed":false,"footnotes":""},"class_list":["post-6688","page","type-page","status-publish","hentry"],"acf":[],"yoast_head":"<!-- This site is optimized with the Yoast SEO plugin v27.4 - https:\/\/yoast.com\/product\/yoast-seo-wordpress\/ -->\n<title>Auto-Massage - \u00d6KO Face Fitness<\/title>\n<meta name=\"robots\" content=\"index, follow, max-snippet:-1, max-image-preview:large, max-video-preview:-1\" \/>\n<link rel=\"canonical\" href=\"https:\/\/okofacefitness.com\/self-massage\/\" \/>\n<meta property=\"og:locale\" content=\"fr_FR\" \/>\n<meta property=\"og:type\" content=\"article\" \/>\n<meta property=\"og:title\" content=\"Auto-Massage - \u00d6KO Face Fitness\" \/>\n<meta property=\"og:description\" content=\"[&hellip;]\" \/>\n<meta property=\"og:url\" content=\"https:\/\/okofacefitness.com\/self-massage\/\" \/>\n<meta property=\"og:site_name\" content=\"\u00d6KO Face Fitness\" \/>\n<meta property=\"article:publisher\" content=\"https:\/\/www.facebook.com\/OKOfacefitness\/\" \/>\n<meta property=\"article:modified_time\" content=\"2024-06-04T19:54:28+00:00\" \/>\n<meta property=\"og:image\" content=\"https:\/\/okofacefitness.com\/wp-content\/uploads\/2024\/03\/OKO-Face-Fitness-fb.jpg\" \/>\n\t<meta property=\"og:image:width\" content=\"512\" \/>\n\t<meta property=\"og:image:height\" content=\"512\" \/>\n\t<meta property=\"og:image:type\" content=\"image\/png\" \/>\n<meta name=\"twitter:card\" content=\"summary_large_image\" \/>\n<meta name=\"twitter:label1\" content=\"Dur\u00e9e de lecture estim\u00e9e\" \/>\n\t<meta name=\"twitter:data1\" content=\"2 minutes\" \/>\n<script type=\"application\/ld+json\" class=\"yoast-schema-graph\">{\"@context\":\"https:\\\/\\\/schema.org\",\"@graph\":[{\"@type\":\"WebPage\",\"@id\":\"https:\\\/\\\/okofacefitness.com\\\/self-massage\\\/\",\"url\":\"https:\\\/\\\/okofacefitness.com\\\/self-massage\\\/\",\"name\":\"Auto-Massage - \u00d6KO Face Fitness\",\"isPartOf\":{\"@id\":\"https:\\\/\\\/okofacefitness.com\\\/#website\"},\"datePublished\":\"2024-06-04T19:32:59+00:00\",\"dateModified\":\"2024-06-04T19:54:28+00:00\",\"breadcrumb\":{\"@id\":\"https:\\\/\\\/okofacefitness.com\\\/self-massage\\\/#breadcrumb\"},\"inLanguage\":\"fr-FR\",\"potentialAction\":[{\"@type\":\"ReadAction\",\"target\":[\"https:\\\/\\\/okofacefitness.com\\\/self-massage\\\/\"]}]},{\"@type\":\"BreadcrumbList\",\"@id\":\"https:\\\/\\\/okofacefitness.com\\\/self-massage\\\/#breadcrumb\",\"itemListElement\":[{\"@type\":\"ListItem\",\"position\":1,\"name\":\"Home\",\"item\":\"https:\\\/\\\/okofacefitness.com\\\/fr\\\/\"},{\"@type\":\"ListItem\",\"position\":2,\"name\":\"Auto-Massage\"}]},{\"@type\":\"WebSite\",\"@id\":\"https:\\\/\\\/okofacefitness.com\\\/#website\",\"url\":\"https:\\\/\\\/okofacefitness.com\\\/\",\"name\":\"\u00d6KO Face Fitness\",\"description\":\"Devenez le SCULPTEUR de votre VISAGE !\",\"publisher\":{\"@id\":\"https:\\\/\\\/okofacefitness.com\\\/#organization\"},\"potentialAction\":[{\"@type\":\"SearchAction\",\"target\":{\"@type\":\"EntryPoint\",\"urlTemplate\":\"https:\\\/\\\/okofacefitness.com\\\/?s={search_term_string}\"},\"query-input\":{\"@type\":\"PropertyValueSpecification\",\"valueRequired\":true,\"valueName\":\"search_term_string\"}}],\"inLanguage\":\"fr-FR\"},{\"@type\":\"Organization\",\"@id\":\"https:\\\/\\\/okofacefitness.com\\\/#organization\",\"name\":\"\u00d6KO Face Fitness\",\"url\":\"https:\\\/\\\/okofacefitness.com\\\/\",\"logo\":{\"@type\":\"ImageObject\",\"inLanguage\":\"fr-FR\",\"@id\":\"https:\\\/\\\/okofacefitness.com\\\/#\\\/schema\\\/logo\\\/image\\\/\",\"url\":\"https:\\\/\\\/okofacefitness.com\\\/wp-content\\\/uploads\\\/2024\\\/03\\\/OKO-Face-Fitness-fb.jpg\",\"contentUrl\":\"https:\\\/\\\/okofacefitness.com\\\/wp-content\\\/uploads\\\/2024\\\/03\\\/OKO-Face-Fitness-fb.jpg\",\"width\":1617,\"height\":696,\"caption\":\"\u00d6KO Face Fitness\"},\"image\":{\"@id\":\"https:\\\/\\\/okofacefitness.com\\\/#\\\/schema\\\/logo\\\/image\\\/\"},\"sameAs\":[\"https:\\\/\\\/www.facebook.com\\\/OKOfacefitness\\\/\",\"https:\\\/\\\/www.instagram.com\\\/oko_facefitness\\\/\",\"https:\\\/\\\/www.youtube.com\\\/channel\\\/UCU2vfdJhN_im8ep0dXnya7Q\"]}]}<\/script>\n<!-- \/ Yoast SEO plugin. -->","yoast_head_json":{"title":"Auto-Massage - \u00d6KO Face Fitness","robots":{"index":"index","follow":"follow","max-snippet":"max-snippet:-1","max-image-preview":"max-image-preview:large","max-video-preview":"max-video-preview:-1"},"canonical":"https:\/\/okofacefitness.com\/self-massage\/","og_locale":"fr_FR","og_type":"article","og_title":"Auto-Massage - \u00d6KO Face Fitness","og_description":"[&hellip;]","og_url":"https:\/\/okofacefitness.com\/self-massage\/","og_site_name":"\u00d6KO Face Fitness","article_publisher":"https:\/\/www.facebook.com\/OKOfacefitness\/","article_modified_time":"2024-06-04T19:54:28+00:00","og_image":[{"width":512,"height":512,"url":"https:\/\/okofacefitness.com\/wp-content\/uploads\/2024\/03\/OKO-Face-Fitness-fb.jpg","type":"image\/png"}],"twitter_card":"summary_large_image","twitter_misc":{"Dur\u00e9e de lecture estim\u00e9e":"2 minutes"},"schema":{"@context":"https:\/\/schema.org","@graph":[{"@type":"WebPage","@id":"https:\/\/okofacefitness.com\/self-massage\/","url":"https:\/\/okofacefitness.com\/self-massage\/","name":"Auto-Massage - \u00d6KO Face Fitness","isPartOf":{"@id":"https:\/\/okofacefitness.com\/#website"},"datePublished":"2024-06-04T19:32:59+00:00","dateModified":"2024-06-04T19:54:28+00:00","breadcrumb":{"@id":"https:\/\/okofacefitness.com\/self-massage\/#breadcrumb"},"inLanguage":"fr-FR","potentialAction":[{"@type":"ReadAction","target":["https:\/\/okofacefitness.com\/self-massage\/"]}]},{"@type":"BreadcrumbList","@id":"https:\/\/okofacefitness.com\/self-massage\/#breadcrumb","itemListElement":[{"@type":"ListItem","position":1,"name":"Home","item":"https:\/\/okofacefitness.com\/fr\/"},{"@type":"ListItem","position":2,"name":"Auto-Massage"}]},{"@type":"WebSite","@id":"https:\/\/okofacefitness.com\/#website","url":"https:\/\/okofacefitness.com\/","name":"\u00d6KO Face Fitness","description":"Devenez le SCULPTEUR de votre VISAGE !","publisher":{"@id":"https:\/\/okofacefitness.com\/#organization"},"potentialAction":[{"@type":"SearchAction","target":{"@type":"EntryPoint","urlTemplate":"https:\/\/okofacefitness.com\/?s={search_term_string}"},"query-input":{"@type":"PropertyValueSpecification","valueRequired":true,"valueName":"search_term_string"}}],"inLanguage":"fr-FR"},{"@type":"Organization","@id":"https:\/\/okofacefitness.com\/#organization","name":"\u00d6KO Face Fitness","url":"https:\/\/okofacefitness.com\/","logo":{"@type":"ImageObject","inLanguage":"fr-FR","@id":"https:\/\/okofacefitness.com\/#\/schema\/logo\/image\/","url":"https:\/\/okofacefitness.com\/wp-content\/uploads\/2024\/03\/OKO-Face-Fitness-fb.jpg","contentUrl":"https:\/\/okofacefitness.com\/wp-content\/uploads\/2024\/03\/OKO-Face-Fitness-fb.jpg","width":1617,"height":696,"caption":"\u00d6KO Face Fitness"},"image":{"@id":"https:\/\/okofacefitness.com\/#\/schema\/logo\/image\/"},"sameAs":["https:\/\/www.facebook.com\/OKOfacefitness\/","https:\/\/www.instagram.com\/oko_facefitness\/","https:\/\/www.youtube.com\/channel\/UCU2vfdJhN_im8ep0dXnya7Q"]}]}},"_links":{"self":[{"href":"https:\/\/okofacefitness.com\/fr\/wp-json\/wp\/v2\/pages\/6688","targetHints":{"allow":["GET"]}}],"collection":[{"href":"https:\/\/okofacefitness.com\/fr\/wp-json\/wp\/v2\/pages"}],"about":[{"href":"https:\/\/okofacefitness.com\/fr\/wp-json\/wp\/v2\/types\/page"}],"author":[{"embeddable":true,"href":"https:\/\/okofacefitness.com\/fr\/wp-json\/wp\/v2\/users\/1"}],"replies":[{"embeddable":true,"href":"https:\/\/okofacefitness.com\/fr\/wp-json\/wp\/v2\/comments?post=6688"}],"version-history":[{"count":1,"href":"https:\/\/okofacefitness.com\/fr\/wp-json\/wp\/v2\/pages\/6688\/revisions"}],"predecessor-version":[{"id":6689,"href":"https:\/\/okofacefitness.com\/fr\/wp-json\/wp\/v2\/pages\/6688\/revisions\/6689"}],"wp:attachment":[{"href":"https:\/\/okofacefitness.com\/fr\/wp-json\/wp\/v2\/media?parent=6688"}],"curies":[{"name":"wp","href":"https:\/\/api.w.org\/{rel}","templated":true}]}}